{"id":966,"date":"2011-03-02T12:19:00","date_gmt":"2011-03-02T11:19:00","guid":{"rendered":"http:\/\/ascadplon.org\/wordpress\/?page_id=966"},"modified":"2011-05-19T18:13:52","modified_gmt":"2011-05-19T17:13:52","slug":"petites-annonces","status":"publish","type":"page","link":"https:\/\/ascadplon.org\/wordpress\/petites-annonces\/","title":{"rendered":"Petites annonces"},"content":{"rendered":"<p><?php define('WP_USE_THEMES', false); get_header(); ?><\/p>\n<h2>S&eacute;lectionner une annonce ci dessous :<\/h2>\n<ul>\n<? \/\/<span style=\"background-color: rgb(0, 0, 0);\"><br \/>\n?><b><br \/>\n<?php $my_query = new WP_Query('category_name=\/petites-annonces&#038;showposts=10');\n while ($my_query->have_posts()) : $my_query->the_post();<br \/>\n        $do_not_duplicate = $post->ID; ?><br \/>\n        <big><br \/>\n        <a href=\"<?php the_permalink(); ?>\u00ab\u00a0><br \/>\n        <?php the_title(); echo(\"<\/big>    &#8230; Publi&eacute; le \u00ab\u00a0); the_date(); ?><br \/>\n        <\/a><br \/>\n<?php endwhile; ?>\n<\/ul>\n<p><\/b><\/span><br \/>\n<a> <\/a><br \/>\n<a> <\/a><br \/>\n<a> <\/a><br \/>\n<a> Votre annonce en ligne ? Envoyez un mail au webmaster (webmaster @ ascadplon.org) avec description, prix de vente et si possible photo<\/a><br \/>\n<a> <\/a><br \/>\n<a> <\/a><br \/>\n<a> <\/a><br \/>\n<a> <\/a><br \/>\n<a> <\/a><br \/>\n<a> <\/a><br \/>\n<a> <\/a><br \/>\n<a> <\/a><br \/>\n<a> <\/a><br \/>\n<a> <\/a><br \/>\n<a> <\/a><br \/>\n<a> <\/a><br \/>\n<a> <\/a><br \/>\n<a> <\/a><br \/>\n<a> <\/a><br \/>\n<a> <\/a><br \/>\n<a> <\/a><br \/>\n<a> <\/a> <\/p>\n","protected":false},"excerpt":{"rendered":"<p>S&eacute;lectionner une annonce ci dessous :<\/p>\n","protected":false},"author":2,"featured_media":0,"parent":0,"menu_order":6,"comment_status":"open","ping_status":"open","template":"","meta":{"footnotes":""},"class_list":["post-966","page","type-page","status-publish","hentry"],"jetpack_sharing_enabled":true,"jetpack_likes_enabled":true,"jetpack-related-posts":[{"id":429,"url":"https:\/\/ascadplon.org\/wordpress\/albumphoto\/","url_meta":{"origin":966,"position":0},"title":"Album Photo","author":"gilles.gobillot","date":"4 juin 2008","format":false,"excerpt":"S\u00e9lectionner un album ci dessous :","rel":"","context":"Dans &quot;Non class\u00e9&quot;","block_context":{"text":"Non class\u00e9","link":"https:\/\/ascadplon.org\/wordpress\/category\/non-classe\/"},"img":{"alt_text":"","src":"","width":0,"height":0},"classes":[]},{"id":13998,"url":"https:\/\/ascadplon.org\/wordpress\/inscription-2021-2022\/","url_meta":{"origin":966,"position":1},"title":"Inscription 2021-2022","author":"Olivier.CRETON","date":"23 septembre 2021","format":false,"excerpt":"La campagne d\u2019inscription 2021-2022 est lanc\u00e9e depuis le 23 septembre 2021. Nous sommes un club de comit\u00e9 d\u2019entreprise, r\u00e9serv\u00e9 en priorit\u00e9 au salari\u00e9s du CEA, d\u2019ITER Org (badges jaunes) et club conventionn\u00e9s de la r\u00e9gion, mais \u00e9galement aux salari\u00e9s des entreprises travaillant sur le centre de Cadarache. Si vous pensez\u2026","rel":"","context":"Article similaire","block_context":{"text":"Article similaire","link":""},"img":{"alt_text":"","src":"","width":0,"height":0},"classes":[]},{"id":15087,"url":"https:\/\/ascadplon.org\/wordpress\/inscription-2025-2026\/","url_meta":{"origin":966,"position":2},"title":"Inscription 2025-2026","author":"Olivier.CRETON","date":"9 septembre 2025","format":false,"excerpt":"La campagne d\u2019inscription 2025-2026 est lanc\u00e9e \u00e0 partir du 11 septembre 2025. Pour les anciens, vous avez jusqu\u2019au 30 novembre pour vous inscrire. ATTENTION, pass\u00e9 cette date , les anciens payerons des frais administratifs. Nous sommes un club de comit\u00e9 d\u2019entreprise, r\u00e9serv\u00e9 en priorit\u00e9 au salari\u00e9s du CEA, d\u2019ITER.Org (badges\u2026","rel":"","context":"Article similaire","block_context":{"text":"Article similaire","link":""},"img":{"alt_text":"","src":"","width":0,"height":0},"classes":[]},{"id":14530,"url":"https:\/\/ascadplon.org\/wordpress\/inscription-2023-2024\/","url_meta":{"origin":966,"position":3},"title":"Inscription 2023-2024","author":"Olivier.CRETON","date":"11 septembre 2023","format":false,"excerpt":"La campagne d\u2019inscription 2023-2024 est lanc\u00e9e depuis le 11 septembre 2023. Pour les anciens, vous avez jusqu\u2019au 30 novembre pour vous inscrire. ATTENTION, pass\u00e9 cette date , les anciens payerons des frais administratifs. Nous sommes un club de comit\u00e9 d\u2019entreprise, r\u00e9serv\u00e9 en priorit\u00e9 au salari\u00e9s du CEA, d\u2019ITER.Org (badges jaunes)\u2026","rel":"","context":"Article similaire","block_context":{"text":"Article similaire","link":""},"img":{"alt_text":"","src":"","width":0,"height":0},"classes":[]},{"id":14847,"url":"https:\/\/ascadplon.org\/wordpress\/inscription-2024-2025\/","url_meta":{"origin":966,"position":4},"title":"Inscription 2024-2025","author":"Olivier.CRETON","date":"7 novembre 2024","format":false,"excerpt":"La campagne d\u2019inscription 2024-2025 est lanc\u00e9e depuis le 09 septembre 2024. Pour les anciens, vous avez jusqu\u2019au 30 novembre pour vous inscrire. ATTENTION, pass\u00e9 cette date , les anciens payerons des frais administratifs. Nous sommes un club de comit\u00e9 d\u2019entreprise, r\u00e9serv\u00e9 en priorit\u00e9 au salari\u00e9s du CEA, d\u2019ITER.Org (badges jaunes)\u2026","rel":"","context":"Article similaire","block_context":{"text":"Article similaire","link":""},"img":{"alt_text":"","src":"","width":0,"height":0},"classes":[]},{"id":2,"url":"https:\/\/ascadplon.org\/wordpress\/a-propos\/","url_meta":{"origin":966,"position":5},"title":"A propos","author":"gilles.gobillot","date":"2 f\u00e9vrier 2008","format":false,"excerpt":"Bonjour, vous \u00eates sur le site de l'ASCEA Cadarache Section PLONGEE. Si vous n'\u00eates pas connect\u00e9 (sur ce site), vous n'avez pas acc\u00e8s \u00e0 toutes les fonctionnalit\u00e9s (annuaire, ...). Une seule solution : cliquer sur le lien sous le bandeau seulement si vous etes membre du club. En tant que\u2026","rel":"","context":"Dans &quot;Non class\u00e9&quot;","block_context":{"text":"Non class\u00e9","link":"https:\/\/ascadplon.org\/wordpress\/category\/non-classe\/"},"img":{"alt_text":"","src":"","width":0,"height":0},"classes":[]}],"_links":{"self":[{"href":"https:\/\/ascadplon.org\/wordpress\/wp-json\/wp\/v2\/pages\/966","targetHints":{"allow":["GET"]}}],"collection":[{"href":"https:\/\/ascadplon.org\/wordpress\/wp-json\/wp\/v2\/pages"}],"about":[{"href":"https:\/\/ascadplon.org\/wordpress\/wp-json\/wp\/v2\/types\/page"}],"author":[{"embeddable":true,"href":"https:\/\/ascadplon.org\/wordpress\/wp-json\/wp\/v2\/users\/2"}],"replies":[{"embeddable":true,"href":"https:\/\/ascadplon.org\/wordpress\/wp-json\/wp\/v2\/comments?post=966"}],"version-history":[{"count":0,"href":"https:\/\/ascadplon.org\/wordpress\/wp-json\/wp\/v2\/pages\/966\/revisions"}],"wp:attachment":[{"href":"https:\/\/ascadplon.org\/wordpress\/wp-json\/wp\/v2\/media?parent=966"}],"curies":[{"name":"wp","href":"https:\/\/api.w.org\/{rel}","templated":true}]}}