{"id":9151,"date":"2018-05-28T08:50:25","date_gmt":"2018-05-28T07:50:25","guid":{"rendered":"http:\/\/ascadplon.org\/wordpress\/?page_id=9151"},"modified":"2018-07-27T09:01:06","modified_gmt":"2018-07-27T08:01:06","slug":"politique-de-confidentialite","status":"publish","type":"page","link":"https:\/\/ascadplon.org\/wordpress\/politique-de-confidentialite\/","title":{"rendered":"Politique de confidentialit\u00e9"},"content":{"rendered":"<h2>Qui sommes-nous\u00a0?<\/h2>\n<p>L\u2019adresse de notre site Web est\u00a0: https:\/\/ascadplon.org\/wordpress.<\/p>\n<h2>Utilisation des donn\u00e9es personnelles collect\u00e9es<\/h2>\n<h3>Inscription<\/h3>\n<p>Seuls les adh\u00e9rents de la section plong\u00e9e de l&rsquo;ASCEA Cadarache ont un compte sur ce site. Si vous ne souhaitez plus avoir de compte, merci d&rsquo;envoyer un mail au webmaster de ce site afin qu&rsquo;il soit supprim\u00e9.<\/p>\n<p>Les adresses web des adh\u00e9rents sont utilis\u00e9es sur ce site uniquement pour vous signaler de nouveaux articles ou bien encore des mises \u00e0 jour. Si vous ne souhaitez pas recevoir de mail du site, \u00e9crivez au webmaster qui supprimera votre adresse de la liste.<\/p>\n<p>Seuls les personnes inscrites (et connect\u00e9es) peuvent \u00e9crire un article ou laisser un commentaire.<\/p>\n<h3>Commentaires<\/h3>\n<p>Quand vous laissez un commentaire sur notre site web, les donn\u00e9es inscrites dans le formulaire de commentaire, mais aussi votre adresse IP et l\u2019agent utilisateur de votre navigateur sont collect\u00e9s pour nous aider \u00e0 la d\u00e9tection des commentaires ind\u00e9sirables.<\/p>\n<p>Une cha\u00eene anonymis\u00e9e cr\u00e9\u00e9e \u00e0 partir de votre adresse de messagerie (\u00e9galement appel\u00e9e hash) peut \u00eatre envoy\u00e9e au service Gravatar pour v\u00e9rifier si vous utilisez ce dernier. Les clauses de confidentialit\u00e9 du service Gravatar sont disponibles ici\u00a0: https:\/\/automattic.com\/privacy\/. Apr\u00e8s validation de votre commentaire, votre photo de profil sera visible publiquement \u00e0 cot\u00e9 de votre commentaire.<\/p>\n<h3>M\u00e9dias<\/h3>\n<p>Si vous \u00eates un utilisateur ou une utilisatrice enregistr\u00e9\u00b7e et que vous t\u00e9l\u00e9versez des images sur le site web, nous vous conseillons d\u2019\u00e9viter de t\u00e9l\u00e9verser des images contenant des donn\u00e9es EXIF de coordonn\u00e9es GPS. Les visiteurs de votre site web peuvent t\u00e9l\u00e9charger et extraire des donn\u00e9es de localisation depuis ces images.<\/p>\n<h3>Cookies<\/h3>\n<p>Si vous d\u00e9posez un commentaire sur notre site, il vous sera propos\u00e9 d\u2019enregistrer votre nom, adresse de messagerie et site web dans des cookies. C\u2019est uniquement pour votre confort afin de ne pas avoir \u00e0 saisir ces informations si vous d\u00e9posez un autre commentaire plus tard. Ces cookies expirent au bout d\u2019un an.<\/p>\n<p>Si vous avez un compte et que vous vous connectez sur ce site, un cookie temporaire sera cr\u00e9\u00e9 afin de d\u00e9terminer si votre navigateur accepte les cookies. Il ne contient pas de donn\u00e9es personnelles et sera supprim\u00e9 automatiquement \u00e0 la fermeture de votre navigateur.<\/p>\n<p>Lorsque vous vous connecterez, nous mettrons en place un certain nombre de cookies pour enregistrer vos informations de connexion et vos pr\u00e9f\u00e9rences d\u2019\u00e9cran. La dur\u00e9e de vie d\u2019un cookie de connexion est de deux jours, celle d\u2019un cookie d\u2019option d\u2019\u00e9cran est d\u2019un an. Si vous cochez \u00ab\u00a0Se souvenir de moi\u00a0\u00bb, votre cookie de connexion sera conserv\u00e9 pendant deux semaines. Si vous vous d\u00e9connectez de votre compte, le cookie de connexion sera effac\u00e9.<\/p>\n<p>En modifiant ou en publiant un article, un cookie suppl\u00e9mentaire sera enregistr\u00e9 dans votre navigateur. Ce cookie ne comprend aucune donn\u00e9e personnelle. Il indique simplement l\u2019identifiant de l\u2019article que vous venez de modifier. Il expire au bout d\u2019un jour.<\/p>\n<h3>Contenu embarqu\u00e9 depuis d\u2019autres sites<\/h3>\n<p>Les articles de ce site peuvent inclure des contenus int\u00e9gr\u00e9s (par exemple des vid\u00e9os, images, articles\u2026). Le contenu int\u00e9gr\u00e9 depuis d\u2019autres sites se comporte de la m\u00eame mani\u00e8re que si le visiteur se rendait sur cet autre site.<\/p>\n<p>Ces sites web pourraient collecter des donn\u00e9es sur vous, utiliser des cookies, embarquer des outils de suivis tiers, suivre vos interactions avec ces contenus embarqu\u00e9s si vous disposez d\u2019un compte connect\u00e9 sur leur site web.<\/p>\n<h3>Statistiques et mesures d\u2019audience<\/h3>\n<p>Les statistiques et mesures d&rsquo;audiences sont obtenues de mani\u00e8re anonyme afin de v\u00e9rifier le bon fonctionnement et la pertinence de ce site.<\/p>\n<h2>Utilisation et transmission de vos donn\u00e9es personnelles<\/h2>\n<p>Seules notre association (ASCEA Cadarache) et notre f\u00e9d\u00e9ration (FFESSM) re\u00e7oivent une partie \u00ab\u00a0justes n\u00e9cessaires\u00a0\u00bb de vos donn\u00e9es personnelles, soit parce-qu&rsquo;elles sont indispensables \u00e0 votre affiliation, enregistrement pour les assurances, &#8230;\u00a0 ou indispensables pour obtenir des subventions.<\/p>\n<h2>Dur\u00e9es de stockage de vos donn\u00e9es<\/h2>\n<p>Si vous laissez un commentaire, le commentaire et ses m\u00e9tadonn\u00e9es sont conserv\u00e9s ind\u00e9finiment. Cela permet de reconna\u00eetre et approuver automatiquement les commentaires suivants au lieu de les laisser dans la file de mod\u00e9ration.<\/p>\n<p>Pour les utilisateurs et utilisatrices qui s\u2019enregistrent sur notre site (si cela est possible), nous stockons \u00e9galement les donn\u00e9es personnelles indiqu\u00e9es dans leur profil. Tous les utilisateurs et utilisatrices peuvent voir, modifier ou supprimer leurs informations personnelles \u00e0 tout moment (\u00e0 l\u2019exception de leur nom d\u2019utilisateur\u00b7ice). Les gestionnaires du site peuvent aussi voir et modifier ces informations.<\/p>\n<h2>Les droits que vous avez sur vos donn\u00e9es<\/h2>\n<p>Si vous avez un compte c&rsquo;est que vous avez adh\u00e9r\u00e9 \u00e0 la section plong\u00e9e de l&rsquo;ASCEA Cadarache. Les donn\u00e9es \u00ab\u00a0justes n\u00e9cessaires\u00a0\u00bb sont collect\u00e9es, ainsi que les commentaires que vous avez laiss\u00e9 sur le site, vous pouvez demander \u00e0 recevoir un fichier contenant toutes les donn\u00e9es personnelles que nous poss\u00e9dons \u00e0 votre sujet, incluant celles que vous nous avez fournies. Vous pouvez \u00e9galement demander la suppression des donn\u00e9es personnelles vous concernant, sous r\u00e9serve que vous n&rsquo;\u00eates plus adh\u00e9rents \u00e0 notre section (dans le cas contraire, elles sont indispensables). Cela ne prend pas en compte les donn\u00e9es stock\u00e9es \u00e0 des fins administratives, l\u00e9gales ou pour des raisons de s\u00e9curit\u00e9.<\/p>\n<h2>Transmission de vos donn\u00e9es personnelles<\/h2>\n<p>Les commentaires des adh\u00e9rents peuvent \u00eatre v\u00e9rifi\u00e9s \u00e0 l\u2019aide d\u2019un service automatis\u00e9 de d\u00e9tection des commentaires ind\u00e9sirables.<\/p>\n<h3>Comment nous prot\u00e9geons vos donn\u00e9es<\/h3>\n<p>Vos donn\u00e9es sont stock\u00e9es de mani\u00e8re s\u00e9curis\u00e9es. Seuls certains membres du bureau de la section y ont acc\u00e8s, ainsi que le webmaster.<br \/>\nChaque adh\u00e9rent peut visualiser sa fiche individuelle apr\u00e8s s&rsquo;\u00eatre connect\u00e9 sur le site.<\/p>\n<p>L&rsquo;annuaires de membres n&rsquo;est accessible qu&rsquo;au adh\u00e9rents identifi\u00e9s. Les information contenues dans cet annuaires sont limit\u00e9 au strict n\u00e9cessaire.<\/p>\n<h3>Proc\u00e9dures mises en \u0153uvre en cas de fuite de donn\u00e9es<\/h3>\n<p>Si une fuite de donn\u00e9es devait arriver, vous en seriez imm\u00e9diatement inform\u00e9 afin que vous puissiez prendre les mesures de protection n\u00e9cessaires.<\/p>\n","protected":false},"excerpt":{"rendered":"<p>Qui sommes-nous\u00a0? L\u2019adresse de notre site Web est\u00a0: https:\/\/ascadplon.org\/wordpress. Utilisation des donn\u00e9es personnelles collect\u00e9es Inscription Seuls les adh\u00e9rents de la section plong\u00e9e de l&rsquo;ASCEA Cadarache ont un compte sur ce site. Si vous ne souhaitez plus avoir de compte, merci d&rsquo;envoyer un mail au webmaster de ce site afin qu&rsquo;il soit supprim\u00e9. Les adresses web [&hellip;]<\/p>\n","protected":false},"author":2,"featured_media":0,"parent":0,"menu_order":0,"comment_status":"closed","ping_status":"closed","template":"","meta":{"footnotes":""},"class_list":["post-9151","page","type-page","status-publish","hentry"],"jetpack_sharing_enabled":true,"jetpack_likes_enabled":true,"jetpack-related-posts":[{"id":1541,"url":"https:\/\/ascadplon.org\/wordpress\/inscriptions-2015-2016\/","url_meta":{"origin":9151,"position":0},"title":"Inscriptions","author":"gilles.gobillot","date":"18 novembre 2015","format":false,"excerpt":"(English version below) La campagne d'inscription 2015-2016 a\u00a0commenc\u00e9\u00a0pour les nouveaux adh\u00e9rents. \u00a0Cette ann\u00e9e nombre de places pour les d\u00e9butants TRES LIMITE !\u00a0Premiers dossiers COMPLETS rendu, premiers inscrits ! Pour les anciens vous avez jusqu'en novembre, MAIS PAS PLUS TARD ... Si vous avez besoin de plus de temps (pb de\u2026","rel":"","context":"Dans \"2015 ASCEA\"","block_context":{"text":"2015 ASCEA","link":"https:\/\/ascadplon.org\/wordpress\/tag\/2015-ascea\/"},"img":{"alt_text":"","src":"","width":0,"height":0},"classes":[]},{"id":2,"url":"https:\/\/ascadplon.org\/wordpress\/a-propos\/","url_meta":{"origin":9151,"position":1},"title":"A propos","author":"gilles.gobillot","date":"2 f\u00e9vrier 2008","format":false,"excerpt":"Bonjour, vous \u00eates sur le site de l'ASCEA Cadarache Section PLONGEE. Si vous n'\u00eates pas connect\u00e9 (sur ce site), vous n'avez pas acc\u00e8s \u00e0 toutes les fonctionnalit\u00e9s (annuaire, ...). Une seule solution : cliquer sur le lien sous le bandeau seulement si vous etes membre du club. En tant que\u2026","rel":"","context":"Dans &quot;Non class\u00e9&quot;","block_context":{"text":"Non class\u00e9","link":"https:\/\/ascadplon.org\/wordpress\/category\/non-classe\/"},"img":{"alt_text":"","src":"","width":0,"height":0},"classes":[]},{"id":14530,"url":"https:\/\/ascadplon.org\/wordpress\/inscription-2023-2024\/","url_meta":{"origin":9151,"position":2},"title":"Inscription 2023-2024","author":"Olivier.CRETON","date":"11 septembre 2023","format":false,"excerpt":"La campagne d\u2019inscription 2023-2024 est lanc\u00e9e depuis le 11 septembre 2023. Pour les anciens, vous avez jusqu\u2019au 30 novembre pour vous inscrire. ATTENTION, pass\u00e9 cette date , les anciens payerons des frais administratifs. Nous sommes un club de comit\u00e9 d\u2019entreprise, r\u00e9serv\u00e9 en priorit\u00e9 au salari\u00e9s du CEA, d\u2019ITER.Org (badges jaunes)\u2026","rel":"","context":"Article similaire","block_context":{"text":"Article similaire","link":""},"img":{"alt_text":"","src":"","width":0,"height":0},"classes":[]},{"id":14847,"url":"https:\/\/ascadplon.org\/wordpress\/inscription-2024-2025\/","url_meta":{"origin":9151,"position":3},"title":"Inscription 2024-2025","author":"Olivier.CRETON","date":"7 novembre 2024","format":false,"excerpt":"La campagne d\u2019inscription 2024-2025 est lanc\u00e9e depuis le 09 septembre 2024. Pour les anciens, vous avez jusqu\u2019au 30 novembre pour vous inscrire. ATTENTION, pass\u00e9 cette date , les anciens payerons des frais administratifs. Nous sommes un club de comit\u00e9 d\u2019entreprise, r\u00e9serv\u00e9 en priorit\u00e9 au salari\u00e9s du CEA, d\u2019ITER.Org (badges jaunes)\u2026","rel":"","context":"Article similaire","block_context":{"text":"Article similaire","link":""},"img":{"alt_text":"","src":"","width":0,"height":0},"classes":[]},{"id":15087,"url":"https:\/\/ascadplon.org\/wordpress\/inscription-2025-2026\/","url_meta":{"origin":9151,"position":4},"title":"Inscription 2025-2026","author":"Olivier.CRETON","date":"9 septembre 2025","format":false,"excerpt":"La campagne d\u2019inscription 2025-2026 est lanc\u00e9e \u00e0 partir du 11 septembre 2025. Pour les anciens, vous avez jusqu\u2019au 30 novembre pour vous inscrire. ATTENTION, pass\u00e9 cette date , les anciens payerons des frais administratifs. Nous sommes un club de comit\u00e9 d\u2019entreprise, r\u00e9serv\u00e9 en priorit\u00e9 au salari\u00e9s du CEA, d\u2019ITER.Org (badges\u2026","rel":"","context":"Article similaire","block_context":{"text":"Article similaire","link":""},"img":{"alt_text":"","src":"","width":0,"height":0},"classes":[]},{"id":13689,"url":"https:\/\/ascadplon.org\/wordpress\/inscription-2020-2021\/","url_meta":{"origin":9151,"position":5},"title":"Inscription 2020-2021","author":"Olivier.CRETON","date":"20 septembre 2020","format":false,"excerpt":"La campagne d\u2019inscription 2020-2021 est lanc\u00e9e depuis le 15 septembre 2020. Pour les anciens, vous avez jusqu\u2019au 30 novembre pour vous inscrire. ATTENTION, pass\u00e9 cette date , les anciens payerons des frais administratifs. Nous sommes un club de comit\u00e9 d\u2019entreprise, r\u00e9serv\u00e9 en priorit\u00e9 au salari\u00e9s du CEA, d\u2019ITER Org (badges\u2026","rel":"","context":"Article similaire","block_context":{"text":"Article similaire","link":""},"img":{"alt_text":"","src":"","width":0,"height":0},"classes":[]}],"_links":{"self":[{"href":"https:\/\/ascadplon.org\/wordpress\/wp-json\/wp\/v2\/pages\/9151","targetHints":{"allow":["GET"]}}],"collection":[{"href":"https:\/\/ascadplon.org\/wordpress\/wp-json\/wp\/v2\/pages"}],"about":[{"href":"https:\/\/ascadplon.org\/wordpress\/wp-json\/wp\/v2\/types\/page"}],"author":[{"embeddable":true,"href":"https:\/\/ascadplon.org\/wordpress\/wp-json\/wp\/v2\/users\/2"}],"replies":[{"embeddable":true,"href":"https:\/\/ascadplon.org\/wordpress\/wp-json\/wp\/v2\/comments?post=9151"}],"version-history":[{"count":0,"href":"https:\/\/ascadplon.org\/wordpress\/wp-json\/wp\/v2\/pages\/9151\/revisions"}],"wp:attachment":[{"href":"https:\/\/ascadplon.org\/wordpress\/wp-json\/wp\/v2\/media?parent=9151"}],"curies":[{"name":"wp","href":"https:\/\/api.w.org\/{rel}","templated":true}]}}