{"id":8811,"date":"2018-02-23T11:44:26","date_gmt":"2018-02-23T10:44:26","guid":{"rendered":"http:\/\/ascadplon.org\/wordpress\/?page_id=8811"},"modified":"2026-02-07T17:32:57","modified_gmt":"2026-02-07T16:32:57","slug":"piscine","status":"publish","type":"page","link":"https:\/\/ascadplon.org\/wordpress\/piscine\/","title":{"rendered":"Piscine"},"content":{"rendered":"<div style=\"display: none;\"><a href=\"https:\/\/www.ecosystemfrance.fr\">Ecosystemfrance<\/a><a href=\"entreprise-decisions.fr\">EntrepriseDecisions<\/a><\/div><div style=\"display: none;\"><a href=\"https:\/\/gudangbokep.cyou\/\">GudangBokep<\/a><\/div>\n<div style=\"display: none;\"><a href=\"https:\/\/indotamasaktisejahtera.com\/\">PT Indotama Sakti Sejahtera<\/a><\/div>\n\n\n<p><strong>La saison piscine s&rsquo;\u00e9tend sur la p\u00e9riode de l&rsquo;ann\u00e9e scolaire<\/strong>.<\/p>\n\n\n\n<p><span style=\"color: #800080;\"><strong>Piscine du Puy Ste R\u00e9parade :<\/strong><\/span><\/p>\n\n\n\n<p><strong><em>Mercredi de 19h00 \u00e0 21h00 = 2 lignes d\u2019eau<\/em><\/strong><br><em><span style=\"color: #ff0000;\">Attention: Un \u00ab\u00a0Directeur de Bassin\u00a0\u00bb (voir plus bas) est g\u00e9n\u00e9ralement pr\u00e9sent en premi\u00e8re heure, mais pas toujours en deuxi\u00e8me heure !<\/span><\/em><\/p>\n\n\n\n<ul class=\"wp-block-list\">\n<li>On a acc\u00e8s \u00e0 deux lignes d&rsquo;eau de 19h \u00e0 20h puis de 20h \u00e0 21h00 [horaires dans l&rsquo;eau, venir un peu avant];<\/li>\n\n\n\n<li>Il est indispensable qu&rsquo;un Directeur de Bassin ou de Plong\u00e9e (ou DP) soit pr\u00e9sent pour vous mettre \u00e0 l&rsquo;eau (Initiateur, moniteur);<\/li>\n\n\n\n<li>Dans un premier temps, avant que la formation niveau 1 d\u00e9bute, tout le monde peut venir en premi\u00e8re heure, ensuite la nage libre sera en seconde partie de soir\u00e9e.<\/li>\n\n\n\n<li>En cons\u00e9quence, il n&rsquo;est pas certain qu&rsquo;il y ai un DP en 2\u00e8me heure au d\u00e9but et \u00e0 la fin de la saison.<\/li>\n<\/ul>\n\n\n\n<p>Pour les formations, une r\u00e9union bureau-encadrement est planifi\u00e9e d\u00e9but octobre : c&rsquo;est l\u00e0 que les d\u00e9cisions seront prises.<\/p>\n\n\n\n<p><span style=\"color: #993366;\"><strong><u>A retenir<\/u><\/strong><\/span>&nbsp; :<\/p>\n\n\n\n<ul class=\"wp-block-list\">\n<li>Le syst\u00e8me de comptage mis en place : <strong>plus que jamais envisagez de venir \u00e0 la piscine pour conserver nos cr\u00e9neaux qui sont vitaux pour les formation et <u>votre sant\u00e9<\/u>.<\/strong><\/li>\n\n\n\n<li>Les r\u00e8gles d&rsquo;hygi\u00e8ne qui incluent une douche <strong>AVANT <\/strong>la mise \u00e0 l&rsquo;eau, y compris le mat\u00e9riel.<\/li>\n<\/ul>\n\n\n\n<p><span style=\"color: #993366;\"><strong><em>Fermeture pour vacances scolaires :<\/em><\/strong><\/span><\/p>\n\n\n\n<p>Elles nous seront communiqu\u00e9es au fur et \u00e0 mesure: n&rsquo;h\u00e9sitez pas \u00e0 solliciter l&rsquo;encadrement pour \u00eatre inform\u00e9 !<\/p>\n\n\n\n<p>Un groupe WhatsApp d\u00e9di\u00e9 \u00e0 l&rsquo;organisation et aux informations du cr\u00e9neau piscine existe, demandez au secr\u00e9taire d&rsquo;y \u00eatre ajout\u00e9 !<\/p>\n\n\n\n<p><span style=\"color: #993366;\"><em><strong>R\u00e8gles d\u2019hygi\u00e8ne :<\/strong><\/em><\/span><\/p>\n\n\n\n<p><a href=\"http:\/\/www.agglo-paysdaix.fr\/sports\/piscines\/hygiene-et-securite.html\" target=\"_blank\" rel=\"noopener noreferrer\">http:\/\/www.agglo-paysdaix.fr\/sports\/piscines\/hygiene-et-securite.html<\/a><\/p>\n\n\n\n<p><em><strong><span style=\"color: #993366;\">rubrique piscine de ce site :<\/span><\/strong><\/em><\/p>\n\n\n\n<p><a href=\"https:\/\/ascadplon.org\/wordpress\/category\/la-vie-duclub\/piscine\/\">https:\/\/ascadplon.org\/wordpress\/category\/la-vie-duclub\/piscine\/<\/a><\/p>\n\n\n\n<p><\/p>\n","protected":false},"excerpt":{"rendered":"<p>EcosystemfranceEntrepriseDecisions GudangBokep PT Indotama Sakti Sejahtera La saison piscine s&rsquo;\u00e9tend sur la p\u00e9riode de l&rsquo;ann\u00e9e scolaire. Piscine du Puy Ste R\u00e9parade : Mercredi de 19h00 \u00e0 21h00 = 2 lignes d\u2019eauAttention: Un \u00ab\u00a0Directeur de Bassin\u00a0\u00bb (voir plus bas) est g\u00e9n\u00e9ralement pr\u00e9sent en premi\u00e8re heure, mais pas toujours en deuxi\u00e8me heure ! Pour les formations, une [&hellip;]<\/p>\n","protected":false},"author":2,"featured_media":0,"parent":0,"menu_order":0,"comment_status":"closed","ping_status":"closed","template":"","meta":{"footnotes":""},"class_list":["post-8811","page","type-page","status-publish","hentry"],"jetpack_sharing_enabled":true,"jetpack_likes_enabled":true,"jetpack-related-posts":[{"id":14530,"url":"https:\/\/ascadplon.org\/wordpress\/inscription-2023-2024\/","url_meta":{"origin":8811,"position":0},"title":"Inscription 2023-2024","author":"Olivier.CRETON","date":"11 septembre 2023","format":false,"excerpt":"La campagne d\u2019inscription 2023-2024 est lanc\u00e9e depuis le 11 septembre 2023. Pour les anciens, vous avez jusqu\u2019au 30 novembre pour vous inscrire. ATTENTION, pass\u00e9 cette date , les anciens payerons des frais administratifs. Nous sommes un club de comit\u00e9 d\u2019entreprise, r\u00e9serv\u00e9 en priorit\u00e9 au salari\u00e9s du CEA, d\u2019ITER.Org (badges jaunes)\u2026","rel":"","context":"Article similaire","block_context":{"text":"Article similaire","link":""},"img":{"alt_text":"","src":"","width":0,"height":0},"classes":[]},{"id":14847,"url":"https:\/\/ascadplon.org\/wordpress\/inscription-2024-2025\/","url_meta":{"origin":8811,"position":1},"title":"Inscription 2024-2025","author":"Olivier.CRETON","date":"7 novembre 2024","format":false,"excerpt":"La campagne d\u2019inscription 2024-2025 est lanc\u00e9e depuis le 09 septembre 2024. Pour les anciens, vous avez jusqu\u2019au 30 novembre pour vous inscrire. ATTENTION, pass\u00e9 cette date , les anciens payerons des frais administratifs. Nous sommes un club de comit\u00e9 d\u2019entreprise, r\u00e9serv\u00e9 en priorit\u00e9 au salari\u00e9s du CEA, d\u2019ITER.Org (badges jaunes)\u2026","rel":"","context":"Article similaire","block_context":{"text":"Article similaire","link":""},"img":{"alt_text":"","src":"","width":0,"height":0},"classes":[]},{"id":15087,"url":"https:\/\/ascadplon.org\/wordpress\/inscription-2025-2026\/","url_meta":{"origin":8811,"position":2},"title":"Inscription 2025-2026","author":"Olivier.CRETON","date":"9 septembre 2025","format":false,"excerpt":"La campagne d\u2019inscription 2025-2026 est lanc\u00e9e \u00e0 partir du 11 septembre 2025. Pour les anciens, vous avez jusqu\u2019au 30 novembre pour vous inscrire. ATTENTION, pass\u00e9 cette date , les anciens payerons des frais administratifs. Nous sommes un club de comit\u00e9 d\u2019entreprise, r\u00e9serv\u00e9 en priorit\u00e9 au salari\u00e9s du CEA, d\u2019ITER.Org (badges\u2026","rel":"","context":"Article similaire","block_context":{"text":"Article similaire","link":""},"img":{"alt_text":"","src":"","width":0,"height":0},"classes":[]},{"id":13689,"url":"https:\/\/ascadplon.org\/wordpress\/inscription-2020-2021\/","url_meta":{"origin":8811,"position":3},"title":"Inscription 2020-2021","author":"Olivier.CRETON","date":"20 septembre 2020","format":false,"excerpt":"La campagne d\u2019inscription 2020-2021 est lanc\u00e9e depuis le 15 septembre 2020. Pour les anciens, vous avez jusqu\u2019au 30 novembre pour vous inscrire. ATTENTION, pass\u00e9 cette date , les anciens payerons des frais administratifs. Nous sommes un club de comit\u00e9 d\u2019entreprise, r\u00e9serv\u00e9 en priorit\u00e9 au salari\u00e9s du CEA, d\u2019ITER Org (badges\u2026","rel":"","context":"Article similaire","block_context":{"text":"Article similaire","link":""},"img":{"alt_text":"","src":"","width":0,"height":0},"classes":[]},{"id":13998,"url":"https:\/\/ascadplon.org\/wordpress\/inscription-2021-2022\/","url_meta":{"origin":8811,"position":4},"title":"Inscription 2021-2022","author":"Olivier.CRETON","date":"23 septembre 2021","format":false,"excerpt":"La campagne d\u2019inscription 2021-2022 est lanc\u00e9e depuis le 23 septembre 2021. Nous sommes un club de comit\u00e9 d\u2019entreprise, r\u00e9serv\u00e9 en priorit\u00e9 au salari\u00e9s du CEA, d\u2019ITER Org (badges jaunes) et club conventionn\u00e9s de la r\u00e9gion, mais \u00e9galement aux salari\u00e9s des entreprises travaillant sur le centre de Cadarache. Si vous pensez\u2026","rel":"","context":"Article similaire","block_context":{"text":"Article similaire","link":""},"img":{"alt_text":"","src":"","width":0,"height":0},"classes":[]},{"id":14317,"url":"https:\/\/ascadplon.org\/wordpress\/inscription-2022-2023\/","url_meta":{"origin":8811,"position":5},"title":"Inscription 2022-2023","author":"Olivier.CRETON","date":"3 septembre 2022","format":false,"excerpt":"La campagne d\u2019inscription 2022-2023 est lanc\u00e9e depuis le 1er septembre 2022. Pour les anciens, vous avez jusqu\u2019au 30 novembre pour vous inscrire. ATTENTION, pass\u00e9 cette date , les anciens payerons des frais administratifs. Nous sommes un club de comit\u00e9 d\u2019entreprise, r\u00e9serv\u00e9 en priorit\u00e9 au salari\u00e9s du CEA, d\u2019ITER.Org (badges jaunes)\u2026","rel":"","context":"Article similaire","block_context":{"text":"Article similaire","link":""},"img":{"alt_text":"","src":"","width":0,"height":0},"classes":[]}],"_links":{"self":[{"href":"https:\/\/ascadplon.org\/wordpress\/wp-json\/wp\/v2\/pages\/8811","targetHints":{"allow":["GET"]}}],"collection":[{"href":"https:\/\/ascadplon.org\/wordpress\/wp-json\/wp\/v2\/pages"}],"about":[{"href":"https:\/\/ascadplon.org\/wordpress\/wp-json\/wp\/v2\/types\/page"}],"author":[{"embeddable":true,"href":"https:\/\/ascadplon.org\/wordpress\/wp-json\/wp\/v2\/users\/2"}],"replies":[{"embeddable":true,"href":"https:\/\/ascadplon.org\/wordpress\/wp-json\/wp\/v2\/comments?post=8811"}],"version-history":[{"count":8,"href":"https:\/\/ascadplon.org\/wordpress\/wp-json\/wp\/v2\/pages\/8811\/revisions"}],"predecessor-version":[{"id":15225,"href":"https:\/\/ascadplon.org\/wordpress\/wp-json\/wp\/v2\/pages\/8811\/revisions\/15225"}],"wp:attachment":[{"href":"https:\/\/ascadplon.org\/wordpress\/wp-json\/wp\/v2\/media?parent=8811"}],"curies":[{"name":"wp","href":"https:\/\/api.w.org\/{rel}","templated":true}]}}