{"id":8,"date":"2019-02-24T20:18:57","date_gmt":"2019-02-24T19:18:57","guid":{"rendered":"http:\/\/www.ascadplon.org\/wordpress\/calendrier-des-sorties\/"},"modified":"2020-01-06T19:24:53","modified_gmt":"2020-01-06T18:24:53","slug":"calendrier-des-sorties","status":"publish","type":"page","link":"https:\/\/ascadplon.org\/wordpress\/calendrier-des-sorties\/","title":{"rendered":"Calendrier des sorties 2020"},"content":{"rendered":"<p>Attention : pas de nom dans les cases \u00ab\u00a0Directeur_de_plongee\u00a0\u00bb ou \u00ab\u00a0Second_Encadrant\u00a0\u00bb = sortie non garantie ou sans encadrants !<\/p>\n\n\n<pre class=\"wp-block-code\"><code><\/code><\/pre>\n\n\n<p><?php  \n$nomfichcal=ABSPATH.\"calendrier-excel\/\/affiche_calendrier.php\";\ninclude($nomfichcal); \n?><\/p>\n\n\n<p><a href=\"https:\/\/ascadplon.org\/wordpress\/calendrier-excel\">Version Excel ou LibreOffice<\/a><\/p>","protected":false},"excerpt":{"rendered":"<p>Attention : pas de nom dans les cases \u00ab\u00a0Directeur_de_plongee\u00a0\u00bb ou \u00ab\u00a0Second_Encadrant\u00a0\u00bb = sortie non garantie ou sans encadrants ! Version Excel ou LibreOffice<\/p>\n","protected":false},"author":2,"featured_media":0,"parent":0,"menu_order":3,"comment_status":"open","ping_status":"closed","template":"calendrier.php","meta":{"footnotes":""},"class_list":["post-8","page","type-page","status-publish","hentry"],"jetpack_sharing_enabled":true,"jetpack_likes_enabled":true,"jetpack-related-posts":[{"id":15087,"url":"https:\/\/ascadplon.org\/wordpress\/inscription-2025-2026\/","url_meta":{"origin":8,"position":0},"title":"Inscription 2025-2026","author":"Olivier.CRETON","date":"9 septembre 2025","format":false,"excerpt":"La campagne d\u2019inscription 2025-2026 est lanc\u00e9e \u00e0 partir du 11 septembre 2025. Pour les anciens, vous avez jusqu\u2019au 30 novembre pour vous inscrire. ATTENTION, pass\u00e9 cette date , les anciens payerons des frais administratifs. Nous sommes un club de comit\u00e9 d\u2019entreprise, r\u00e9serv\u00e9 en priorit\u00e9 au salari\u00e9s du CEA, d\u2019ITER.Org (badges\u2026","rel":"","context":"Article similaire","block_context":{"text":"Article similaire","link":""},"img":{"alt_text":"","src":"","width":0,"height":0},"classes":[]},{"id":14530,"url":"https:\/\/ascadplon.org\/wordpress\/inscription-2023-2024\/","url_meta":{"origin":8,"position":1},"title":"Inscription 2023-2024","author":"Olivier.CRETON","date":"11 septembre 2023","format":false,"excerpt":"La campagne d\u2019inscription 2023-2024 est lanc\u00e9e depuis le 11 septembre 2023. Pour les anciens, vous avez jusqu\u2019au 30 novembre pour vous inscrire. ATTENTION, pass\u00e9 cette date , les anciens payerons des frais administratifs. Nous sommes un club de comit\u00e9 d\u2019entreprise, r\u00e9serv\u00e9 en priorit\u00e9 au salari\u00e9s du CEA, d\u2019ITER.Org (badges jaunes)\u2026","rel":"","context":"Article similaire","block_context":{"text":"Article similaire","link":""},"img":{"alt_text":"","src":"","width":0,"height":0},"classes":[]},{"id":14847,"url":"https:\/\/ascadplon.org\/wordpress\/inscription-2024-2025\/","url_meta":{"origin":8,"position":2},"title":"Inscription 2024-2025","author":"Olivier.CRETON","date":"7 novembre 2024","format":false,"excerpt":"La campagne d\u2019inscription 2024-2025 est lanc\u00e9e depuis le 09 septembre 2024. Pour les anciens, vous avez jusqu\u2019au 30 novembre pour vous inscrire. ATTENTION, pass\u00e9 cette date , les anciens payerons des frais administratifs. Nous sommes un club de comit\u00e9 d\u2019entreprise, r\u00e9serv\u00e9 en priorit\u00e9 au salari\u00e9s du CEA, d\u2019ITER.Org (badges jaunes)\u2026","rel":"","context":"Article similaire","block_context":{"text":"Article similaire","link":""},"img":{"alt_text":"","src":"","width":0,"height":0},"classes":[]},{"id":13689,"url":"https:\/\/ascadplon.org\/wordpress\/inscription-2020-2021\/","url_meta":{"origin":8,"position":3},"title":"Inscription 2020-2021","author":"Olivier.CRETON","date":"20 septembre 2020","format":false,"excerpt":"La campagne d\u2019inscription 2020-2021 est lanc\u00e9e depuis le 15 septembre 2020. Pour les anciens, vous avez jusqu\u2019au 30 novembre pour vous inscrire. ATTENTION, pass\u00e9 cette date , les anciens payerons des frais administratifs. Nous sommes un club de comit\u00e9 d\u2019entreprise, r\u00e9serv\u00e9 en priorit\u00e9 au salari\u00e9s du CEA, d\u2019ITER Org (badges\u2026","rel":"","context":"Article similaire","block_context":{"text":"Article similaire","link":""},"img":{"alt_text":"","src":"","width":0,"height":0},"classes":[]},{"id":13998,"url":"https:\/\/ascadplon.org\/wordpress\/inscription-2021-2022\/","url_meta":{"origin":8,"position":4},"title":"Inscription 2021-2022","author":"Olivier.CRETON","date":"23 septembre 2021","format":false,"excerpt":"La campagne d\u2019inscription 2021-2022 est lanc\u00e9e depuis le 23 septembre 2021. Nous sommes un club de comit\u00e9 d\u2019entreprise, r\u00e9serv\u00e9 en priorit\u00e9 au salari\u00e9s du CEA, d\u2019ITER Org (badges jaunes) et club conventionn\u00e9s de la r\u00e9gion, mais \u00e9galement aux salari\u00e9s des entreprises travaillant sur le centre de Cadarache. Si vous pensez\u2026","rel":"","context":"Article similaire","block_context":{"text":"Article similaire","link":""},"img":{"alt_text":"","src":"","width":0,"height":0},"classes":[]},{"id":14317,"url":"https:\/\/ascadplon.org\/wordpress\/inscription-2022-2023\/","url_meta":{"origin":8,"position":5},"title":"Inscription 2022-2023","author":"Olivier.CRETON","date":"3 septembre 2022","format":false,"excerpt":"La campagne d\u2019inscription 2022-2023 est lanc\u00e9e depuis le 1er septembre 2022. Pour les anciens, vous avez jusqu\u2019au 30 novembre pour vous inscrire. ATTENTION, pass\u00e9 cette date , les anciens payerons des frais administratifs. Nous sommes un club de comit\u00e9 d\u2019entreprise, r\u00e9serv\u00e9 en priorit\u00e9 au salari\u00e9s du CEA, d\u2019ITER.Org (badges jaunes)\u2026","rel":"","context":"Article similaire","block_context":{"text":"Article similaire","link":""},"img":{"alt_text":"","src":"","width":0,"height":0},"classes":[]}],"_links":{"self":[{"href":"https:\/\/ascadplon.org\/wordpress\/wp-json\/wp\/v2\/pages\/8","targetHints":{"allow":["GET"]}}],"collection":[{"href":"https:\/\/ascadplon.org\/wordpress\/wp-json\/wp\/v2\/pages"}],"about":[{"href":"https:\/\/ascadplon.org\/wordpress\/wp-json\/wp\/v2\/types\/page"}],"author":[{"embeddable":true,"href":"https:\/\/ascadplon.org\/wordpress\/wp-json\/wp\/v2\/users\/2"}],"replies":[{"embeddable":true,"href":"https:\/\/ascadplon.org\/wordpress\/wp-json\/wp\/v2\/comments?post=8"}],"version-history":[{"count":1,"href":"https:\/\/ascadplon.org\/wordpress\/wp-json\/wp\/v2\/pages\/8\/revisions"}],"predecessor-version":[{"id":12878,"href":"https:\/\/ascadplon.org\/wordpress\/wp-json\/wp\/v2\/pages\/8\/revisions\/12878"}],"wp:attachment":[{"href":"https:\/\/ascadplon.org\/wordpress\/wp-json\/wp\/v2\/media?parent=8"}],"curies":[{"name":"wp","href":"https:\/\/api.w.org\/{rel}","templated":true}]}}