{"id":4,"date":"2012-01-02T23:25:31","date_gmt":"2012-01-02T22:25:31","guid":{"rendered":"http:\/\/www.ascadplon.org\/wordpress\/contact\/"},"modified":"2016-04-25T09:15:04","modified_gmt":"2016-04-25T08:15:04","slug":"contact","status":"publish","type":"page","link":"https:\/\/ascadplon.org\/wordpress\/contact\/","title":{"rendered":"Contact"},"content":{"rendered":"<h3>Pour nous contacter, le mieux est d&#8217;employer le mail :<\/h3>\n<p>La liste compl\u00e8te des contacts est sur la page \u00ab\u00a0BUREAU\u00a0\u00bb :<\/p>\n<p><a href=\"https:\/\/ascadplon.org\/wordpress\/bureau\/\">https:\/\/ascadplon.org\/wordpress\/bureau\/<\/a><\/p>\n<p>Sinon venez nous voir \u00e0 la permanence du jeudi 12h30-13h<span style=\"text-decoration: underline;\"><strong>15<\/strong><\/span> cantine 1<\/p>\n","protected":false},"excerpt":{"rendered":"<p>Pour nous contacter, le mieux est d&#8217;employer le mail : La liste compl\u00e8te des contacts est sur la page \u00ab\u00a0BUREAU\u00a0\u00bb : https:\/\/ascadplon.org\/wordpress\/bureau\/ Sinon venez nous voir \u00e0 la permanence du jeudi 12h30-13h15 cantine 1<\/p>\n","protected":false},"author":2,"featured_media":0,"parent":0,"menu_order":10,"comment_status":"open","ping_status":"open","template":"","meta":{"footnotes":""},"class_list":["post-4","page","type-page","status-publish","hentry"],"jetpack_sharing_enabled":true,"jetpack_likes_enabled":true,"jetpack-related-posts":[{"id":8811,"url":"https:\/\/ascadplon.org\/wordpress\/piscine\/","url_meta":{"origin":4,"position":0},"title":"Piscine","author":"gilles.gobillot","date":"23 f\u00e9vrier 2018","format":false,"excerpt":"EcosystemfranceEntrepriseDecisionsGudangBokep PT Indotama Sakti Sejahtera La saison piscine s'\u00e9tend sur la p\u00e9riode de l'ann\u00e9e scolaire. Piscine du Puy Ste R\u00e9parade : Mercredi de 19h00 \u00e0 21h00 = 2 lignes d\u2019eauAttention: Un \"Directeur de Bassin\" (voir plus bas) est g\u00e9n\u00e9ralement pr\u00e9sent en premi\u00e8re heure, mais pas toujours en deuxi\u00e8me heure !\u2026","rel":"","context":"Article similaire","block_context":{"text":"Article similaire","link":""},"img":{"alt_text":"","src":"","width":0,"height":0},"classes":[]},{"id":9151,"url":"https:\/\/ascadplon.org\/wordpress\/politique-de-confidentialite\/","url_meta":{"origin":4,"position":1},"title":"Politique de confidentialit\u00e9","author":"gilles.gobillot","date":"28 mai 2018","format":false,"excerpt":"Qui sommes-nous\u00a0? L\u2019adresse de notre site Web est\u00a0: http:\/\/ascadplon.org\/wordpress. Utilisation des donn\u00e9es personnelles collect\u00e9es Inscription Seuls les adh\u00e9rents de la section plong\u00e9e de l'ASCEA Cadarache ont un compte sur ce site. Si vous ne souhaitez plus avoir de compte, merci d'envoyer un mail au webmaster de ce site afin qu'il\u2026","rel":"","context":"Article similaire","block_context":{"text":"Article similaire","link":""},"img":{"alt_text":"","src":"","width":0,"height":0},"classes":[]},{"id":13862,"url":"https:\/\/ascadplon.org\/wordpress\/bureau-2\/","url_meta":{"origin":4,"position":2},"title":"Bureau","author":"Olivier.CRETON","date":"9 mai 2021","format":false,"excerpt":"EcosystemfranceEntrepriseDecisionsGudangBokep PT Indotama Sakti Sejahtera Composition du bureau \u00e0 compter de JANVIER 2026 Suite \u00e0 l'assembl\u00e9e g\u00e9n\u00e9rale s'\u00e9tant d\u00e9roul\u00e9e le 17\/01\/2026, voici la composition du bureau 2026 :","rel":"","context":"Article similaire","block_context":{"text":"Article similaire","link":""},"img":{"alt_text":"","src":"https:\/\/i0.wp.com\/ascadplon.org\/wordpress\/wp-content\/uploads\/2026\/02\/image.png?resize=350%2C200&ssl=1","width":350,"height":200,"srcset":"https:\/\/i0.wp.com\/ascadplon.org\/wordpress\/wp-content\/uploads\/2026\/02\/image.png?resize=350%2C200&ssl=1 1x, https:\/\/i0.wp.com\/ascadplon.org\/wordpress\/wp-content\/uploads\/2026\/02\/image.png?resize=525%2C300&ssl=1 1.5x"},"classes":[]},{"id":14530,"url":"https:\/\/ascadplon.org\/wordpress\/inscription-2023-2024\/","url_meta":{"origin":4,"position":3},"title":"Inscription 2023-2024","author":"Olivier.CRETON","date":"11 septembre 2023","format":false,"excerpt":"La campagne d\u2019inscription 2023-2024 est lanc\u00e9e depuis le 11 septembre 2023. Pour les anciens, vous avez jusqu\u2019au 30 novembre pour vous inscrire. ATTENTION, pass\u00e9 cette date , les anciens payerons des frais administratifs. Nous sommes un club de comit\u00e9 d\u2019entreprise, r\u00e9serv\u00e9 en priorit\u00e9 au salari\u00e9s du CEA, d\u2019ITER.Org (badges jaunes)\u2026","rel":"","context":"Article similaire","block_context":{"text":"Article similaire","link":""},"img":{"alt_text":"","src":"","width":0,"height":0},"classes":[]},{"id":14847,"url":"https:\/\/ascadplon.org\/wordpress\/inscription-2024-2025\/","url_meta":{"origin":4,"position":4},"title":"Inscription 2024-2025","author":"Olivier.CRETON","date":"7 novembre 2024","format":false,"excerpt":"La campagne d\u2019inscription 2024-2025 est lanc\u00e9e depuis le 09 septembre 2024. Pour les anciens, vous avez jusqu\u2019au 30 novembre pour vous inscrire. ATTENTION, pass\u00e9 cette date , les anciens payerons des frais administratifs. Nous sommes un club de comit\u00e9 d\u2019entreprise, r\u00e9serv\u00e9 en priorit\u00e9 au salari\u00e9s du CEA, d\u2019ITER.Org (badges jaunes)\u2026","rel":"","context":"Article similaire","block_context":{"text":"Article similaire","link":""},"img":{"alt_text":"","src":"","width":0,"height":0},"classes":[]},{"id":15087,"url":"https:\/\/ascadplon.org\/wordpress\/inscription-2025-2026\/","url_meta":{"origin":4,"position":5},"title":"Inscription 2025-2026","author":"Olivier.CRETON","date":"9 septembre 2025","format":false,"excerpt":"La campagne d\u2019inscription 2025-2026 est lanc\u00e9e \u00e0 partir du 11 septembre 2025. Pour les anciens, vous avez jusqu\u2019au 30 novembre pour vous inscrire. ATTENTION, pass\u00e9 cette date , les anciens payerons des frais administratifs. Nous sommes un club de comit\u00e9 d\u2019entreprise, r\u00e9serv\u00e9 en priorit\u00e9 au salari\u00e9s du CEA, d\u2019ITER.Org (badges\u2026","rel":"","context":"Article similaire","block_context":{"text":"Article similaire","link":""},"img":{"alt_text":"","src":"","width":0,"height":0},"classes":[]}],"_links":{"self":[{"href":"https:\/\/ascadplon.org\/wordpress\/wp-json\/wp\/v2\/pages\/4","targetHints":{"allow":["GET"]}}],"collection":[{"href":"https:\/\/ascadplon.org\/wordpress\/wp-json\/wp\/v2\/pages"}],"about":[{"href":"https:\/\/ascadplon.org\/wordpress\/wp-json\/wp\/v2\/types\/page"}],"author":[{"embeddable":true,"href":"https:\/\/ascadplon.org\/wordpress\/wp-json\/wp\/v2\/users\/2"}],"replies":[{"embeddable":true,"href":"https:\/\/ascadplon.org\/wordpress\/wp-json\/wp\/v2\/comments?post=4"}],"version-history":[{"count":0,"href":"https:\/\/ascadplon.org\/wordpress\/wp-json\/wp\/v2\/pages\/4\/revisions"}],"wp:attachment":[{"href":"https:\/\/ascadplon.org\/wordpress\/wp-json\/wp\/v2\/media?parent=4"}],"curies":[{"name":"wp","href":"https:\/\/api.w.org\/{rel}","templated":true}]}}