{"id":22,"date":"2008-02-17T15:47:43","date_gmt":"2008-02-17T14:47:43","guid":{"rendered":"http:\/\/www.ascadplon.org\/wordpress\/telechargements\/"},"modified":"2018-01-24T15:17:07","modified_gmt":"2018-01-24T14:17:07","slug":"telechargement","status":"publish","type":"page","link":"https:\/\/ascadplon.org\/wordpress\/telechargement\/","title":{"rendered":"telechargement"},"content":{"rendered":"<p>Suite \u00e0 des blocages pour \u00ab\u00a0motif de s\u00e9curit\u00e9\u00a0\u00bb, l&rsquo;interface pr\u00e9c\u00e9dente est d\u00e9sactiv\u00e9e.<\/p>\n<p><em><strong>Adh\u00e9rents \u00e0 notre club<\/strong><\/em> = (Identifiant et mot de passe visible si vous \u00eates connect\u00e9 seulement)<br \/>\n[private role=\u00a0\u00bbsubscriber\u00a0\u00bb]Je vous propose d&rsquo;utiliser <a href=\"http:\/\/ascadplon.org\/eXtplorer\/index.php\" target=\"_blank\" rel=\"noopener\">eXtplorer <\/a>avec comme \u00ab\u00a0Usager\u00a0\u00bb\u00a0\u00a0<span style=\"color: #ff0000;\"><strong>\u00a0telecharge\u00a0\u00a0<\/strong><\/span>(oui, sans accents)<br \/>\net comme mot de passe <span style=\"color: #ff0000;\"><strong>telecharge <\/strong><\/span><br \/>\n<a href=\"http:\/\/ascadplon.org\/eXtplorer\/index.php\" target=\"_blank\" rel=\"noopener\"><img data-recalc-dims=\"1\" loading=\"lazy\" decoding=\"async\" data-attachment-id=\"7120\" data-permalink=\"https:\/\/ascadplon.org\/wordpress\/telechargement\/extplorer\/\" data-orig-file=\"https:\/\/i0.wp.com\/ascadplon.org\/wordpress\/wp-content\/uploads\/2008\/02\/eXtplorer.png?fit=480%2C304&amp;ssl=1\" data-orig-size=\"480,304\" data-comments-opened=\"1\" data-image-meta=\"{&quot;aperture&quot;:&quot;0&quot;,&quot;credit&quot;:&quot;&quot;,&quot;camera&quot;:&quot;&quot;,&quot;caption&quot;:&quot;&quot;,&quot;created_timestamp&quot;:&quot;0&quot;,&quot;copyright&quot;:&quot;&quot;,&quot;focal_length&quot;:&quot;0&quot;,&quot;iso&quot;:&quot;0&quot;,&quot;shutter_speed&quot;:&quot;0&quot;,&quot;title&quot;:&quot;&quot;,&quot;orientation&quot;:&quot;0&quot;}\" data-image-title=\"eXtplorer\" data-image-description=\"\" data-image-caption=\"\" data-large-file=\"https:\/\/i0.wp.com\/ascadplon.org\/wordpress\/wp-content\/uploads\/2008\/02\/eXtplorer.png?fit=480%2C304&amp;ssl=1\" class=\"aligncenter size-full wp-image-7120\" src=\"https:\/\/i0.wp.com\/ascadplon.org\/wordpress\/wp-content\/uploads\/2008\/02\/eXtplorer.png?resize=480%2C304&#038;ssl=1\" alt=\"\" width=\"480\" height=\"304\" srcset=\"https:\/\/i0.wp.com\/ascadplon.org\/wordpress\/wp-content\/uploads\/2008\/02\/eXtplorer.png?w=480&amp;ssl=1 480w, https:\/\/i0.wp.com\/ascadplon.org\/wordpress\/wp-content\/uploads\/2008\/02\/eXtplorer.png?resize=300%2C190&amp;ssl=1 300w, https:\/\/i0.wp.com\/ascadplon.org\/wordpress\/wp-content\/uploads\/2008\/02\/eXtplorer.png?resize=474%2C300&amp;ssl=1 474w\" sizes=\"auto, (max-width: 480px) 100vw, 480px\" \/><\/a><br \/>\n[\/private]<\/p>\n<p><em><strong>Responsables Cascad (pr\u00e9sident, responsables bateau)<\/strong><\/em>\u00a0= (Identifiant et mot de passe visible si vous \u00eates connect\u00e9 et avez les droits seulement)<br \/>\n[private role=\u00a0\u00bbeditor\u00a0\u00bb]Je vous propose d&rsquo;utiliser <a href=\"http:\/\/ascadplon.org\/eXtplorer\/index.php\" target=\"_blank\" rel=\"noopener\">eXtplorer <\/a>avec comme \u00ab\u00a0Usager\u00a0\u00bb\u00a0\u00a0<span style=\"color: #ff0000;\"><strong>\u00a0cascad\u00a0\u00a0<\/strong><\/span><br \/>\net comme mot de passe <span style=\"color: #ff0000;\"><strong>bateau\u00a0<\/strong><\/span>[\/private]<\/p>\n","protected":false},"excerpt":{"rendered":"<p>Suite \u00e0 des blocages pour \u00ab\u00a0motif de s\u00e9curit\u00e9\u00a0\u00bb, l&rsquo;interface pr\u00e9c\u00e9dente est d\u00e9sactiv\u00e9e. Adh\u00e9rents \u00e0 notre club = (Identifiant et mot de passe visible si vous \u00eates connect\u00e9 seulement) [private role=\u00a0\u00bbsubscriber\u00a0\u00bb]Je vous propose d&rsquo;utiliser eXtplorer avec comme \u00ab\u00a0Usager\u00a0\u00bb\u00a0\u00a0\u00a0telecharge\u00a0\u00a0(oui, sans accents) et comme mot de passe telecharge [\/private] Responsables Cascad (pr\u00e9sident, responsables bateau)\u00a0= (Identifiant et mot de [&hellip;]<\/p>\n","protected":false},"author":2,"featured_media":0,"parent":0,"menu_order":7,"comment_status":"open","ping_status":"open","template":"","meta":{"footnotes":""},"class_list":["post-22","page","type-page","status-publish","hentry"],"jetpack_sharing_enabled":true,"jetpack_likes_enabled":true,"jetpack-related-posts":[{"id":2,"url":"https:\/\/ascadplon.org\/wordpress\/a-propos\/","url_meta":{"origin":22,"position":0},"title":"A propos","author":"gilles.gobillot","date":"2 f\u00e9vrier 2008","format":false,"excerpt":"Bonjour, vous \u00eates sur le site de l'ASCEA Cadarache Section PLONGEE. Si vous n'\u00eates pas connect\u00e9 (sur ce site), vous n'avez pas acc\u00e8s \u00e0 toutes les fonctionnalit\u00e9s (annuaire, ...). Une seule solution : cliquer sur le lien sous le bandeau seulement si vous etes membre du club. En tant que\u2026","rel":"","context":"Dans &quot;Non class\u00e9&quot;","block_context":{"text":"Non class\u00e9","link":"https:\/\/ascadplon.org\/wordpress\/category\/non-classe\/"},"img":{"alt_text":"","src":"","width":0,"height":0},"classes":[]},{"id":9151,"url":"https:\/\/ascadplon.org\/wordpress\/politique-de-confidentialite\/","url_meta":{"origin":22,"position":1},"title":"Politique de confidentialit\u00e9","author":"gilles.gobillot","date":"28 mai 2018","format":false,"excerpt":"Qui sommes-nous\u00a0? L\u2019adresse de notre site Web est\u00a0: http:\/\/ascadplon.org\/wordpress. Utilisation des donn\u00e9es personnelles collect\u00e9es Inscription Seuls les adh\u00e9rents de la section plong\u00e9e de l'ASCEA Cadarache ont un compte sur ce site. Si vous ne souhaitez plus avoir de compte, merci d'envoyer un mail au webmaster de ce site afin qu'il\u2026","rel":"","context":"Article similaire","block_context":{"text":"Article similaire","link":""},"img":{"alt_text":"","src":"","width":0,"height":0},"classes":[]},{"id":14530,"url":"https:\/\/ascadplon.org\/wordpress\/inscription-2023-2024\/","url_meta":{"origin":22,"position":2},"title":"Inscription 2023-2024","author":"Olivier.CRETON","date":"11 septembre 2023","format":false,"excerpt":"La campagne d\u2019inscription 2023-2024 est lanc\u00e9e depuis le 11 septembre 2023. Pour les anciens, vous avez jusqu\u2019au 30 novembre pour vous inscrire. ATTENTION, pass\u00e9 cette date , les anciens payerons des frais administratifs. Nous sommes un club de comit\u00e9 d\u2019entreprise, r\u00e9serv\u00e9 en priorit\u00e9 au salari\u00e9s du CEA, d\u2019ITER.Org (badges jaunes)\u2026","rel":"","context":"Article similaire","block_context":{"text":"Article similaire","link":""},"img":{"alt_text":"","src":"","width":0,"height":0},"classes":[]},{"id":14847,"url":"https:\/\/ascadplon.org\/wordpress\/inscription-2024-2025\/","url_meta":{"origin":22,"position":3},"title":"Inscription 2024-2025","author":"Olivier.CRETON","date":"7 novembre 2024","format":false,"excerpt":"La campagne d\u2019inscription 2024-2025 est lanc\u00e9e depuis le 09 septembre 2024. Pour les anciens, vous avez jusqu\u2019au 30 novembre pour vous inscrire. ATTENTION, pass\u00e9 cette date , les anciens payerons des frais administratifs. Nous sommes un club de comit\u00e9 d\u2019entreprise, r\u00e9serv\u00e9 en priorit\u00e9 au salari\u00e9s du CEA, d\u2019ITER.Org (badges jaunes)\u2026","rel":"","context":"Article similaire","block_context":{"text":"Article similaire","link":""},"img":{"alt_text":"","src":"","width":0,"height":0},"classes":[]},{"id":15087,"url":"https:\/\/ascadplon.org\/wordpress\/inscription-2025-2026\/","url_meta":{"origin":22,"position":4},"title":"Inscription 2025-2026","author":"Olivier.CRETON","date":"9 septembre 2025","format":false,"excerpt":"La campagne d\u2019inscription 2025-2026 est lanc\u00e9e \u00e0 partir du 11 septembre 2025. Pour les anciens, vous avez jusqu\u2019au 30 novembre pour vous inscrire. ATTENTION, pass\u00e9 cette date , les anciens payerons des frais administratifs. Nous sommes un club de comit\u00e9 d\u2019entreprise, r\u00e9serv\u00e9 en priorit\u00e9 au salari\u00e9s du CEA, d\u2019ITER.Org (badges\u2026","rel":"","context":"Article similaire","block_context":{"text":"Article similaire","link":""},"img":{"alt_text":"","src":"","width":0,"height":0},"classes":[]},{"id":13689,"url":"https:\/\/ascadplon.org\/wordpress\/inscription-2020-2021\/","url_meta":{"origin":22,"position":5},"title":"Inscription 2020-2021","author":"Olivier.CRETON","date":"20 septembre 2020","format":false,"excerpt":"La campagne d\u2019inscription 2020-2021 est lanc\u00e9e depuis le 15 septembre 2020. Pour les anciens, vous avez jusqu\u2019au 30 novembre pour vous inscrire. ATTENTION, pass\u00e9 cette date , les anciens payerons des frais administratifs. Nous sommes un club de comit\u00e9 d\u2019entreprise, r\u00e9serv\u00e9 en priorit\u00e9 au salari\u00e9s du CEA, d\u2019ITER Org (badges\u2026","rel":"","context":"Article similaire","block_context":{"text":"Article similaire","link":""},"img":{"alt_text":"","src":"","width":0,"height":0},"classes":[]}],"_links":{"self":[{"href":"https:\/\/ascadplon.org\/wordpress\/wp-json\/wp\/v2\/pages\/22","targetHints":{"allow":["GET"]}}],"collection":[{"href":"https:\/\/ascadplon.org\/wordpress\/wp-json\/wp\/v2\/pages"}],"about":[{"href":"https:\/\/ascadplon.org\/wordpress\/wp-json\/wp\/v2\/types\/page"}],"author":[{"embeddable":true,"href":"https:\/\/ascadplon.org\/wordpress\/wp-json\/wp\/v2\/users\/2"}],"replies":[{"embeddable":true,"href":"https:\/\/ascadplon.org\/wordpress\/wp-json\/wp\/v2\/comments?post=22"}],"version-history":[{"count":0,"href":"https:\/\/ascadplon.org\/wordpress\/wp-json\/wp\/v2\/pages\/22\/revisions"}],"wp:attachment":[{"href":"https:\/\/ascadplon.org\/wordpress\/wp-json\/wp\/v2\/media?parent=22"}],"curies":[{"name":"wp","href":"https:\/\/api.w.org\/{rel}","templated":true}]}}