{"id":21,"date":"2010-12-17T14:44:27","date_gmt":"2010-12-17T13:44:27","guid":{"rendered":"http:\/\/www.ascadplon.org\/wordpress\/meteo\/"},"modified":"2023-10-04T14:53:01","modified_gmt":"2023-10-04T13:53:01","slug":"meteos","status":"publish","type":"page","link":"https:\/\/ascadplon.org\/wordpress\/meteos\/","title":{"rendered":"M\u00e9t\u00e9os"},"content":{"rendered":"\n<p>L&rsquo;incontournable : <a href=\"https:\/\/meteofrance.com\/previsions-meteo-france\/provence-alpes-cote-d-azur\/12\">M\u00e9t\u00e9o France<\/a><\/p>\n\n\n\n<p>Les vagues, le vent et les courants dans la zone de Cassis : <a href=\"https:\/\/marc.ifremer.fr\/resultats\/vagues\/modeles_mediterranee\/(typevisu)\/map\/(zoneid)\/7406_2#appTop\">MARC (Mod\u00e9lisation et Analyse pour la Recherche C\u00f4ti\u00e8re)<\/a><\/p>\n\n\n\n<p>Les vents (pour les surfeurs cassidains): <a href=\"https:\/\/www.windguru.cz\/48618\">Windguru <\/a><\/p>\n\n\n\n<p>Les mar\u00e9es : le <a href=\"https:\/\/maree.shom.fr\/\">SHOM<\/a><\/p>\n\n\n\n<p>Les webcams \u00e0 cassis : <a href=\"https:\/\/pv.viewsurf.com\/1924\/Cassis?i=NzE0Njp1bmRlZmluZWQ\">la plage<\/a> et <a href=\"https:\/\/www.viewsurf.com\/univers\/plage\/vue\/18662-france-provence-alpes-cote-dazur-cassis-entree-du-port\">l&rsquo;entr\u00e9e du port<\/a><\/p>\n","protected":false},"excerpt":{"rendered":"<p>L&rsquo;incontournable : M\u00e9t\u00e9o France Les vagues, le vent et les courants dans la zone de Cassis : MARC (Mod\u00e9lisation et Analyse pour la Recherche C\u00f4ti\u00e8re) Les vents (pour les surfeurs cassidains): Windguru Les mar\u00e9es : le SHOM Les webcams \u00e0 cassis : la plage et l&rsquo;entr\u00e9e du port<\/p>\n","protected":false},"author":2,"featured_media":0,"parent":0,"menu_order":0,"comment_status":"closed","ping_status":"open","template":"template-onecol.php","meta":{"footnotes":""},"class_list":["post-21","page","type-page","status-publish","hentry"],"jetpack_sharing_enabled":true,"jetpack_likes_enabled":true,"jetpack-related-posts":[{"id":9151,"url":"https:\/\/ascadplon.org\/wordpress\/politique-de-confidentialite\/","url_meta":{"origin":21,"position":0},"title":"Politique de confidentialit\u00e9","author":"gilles.gobillot","date":"28 mai 2018","format":false,"excerpt":"Qui sommes-nous\u00a0? L\u2019adresse de notre site Web est\u00a0: http:\/\/ascadplon.org\/wordpress. Utilisation des donn\u00e9es personnelles collect\u00e9es Inscription Seuls les adh\u00e9rents de la section plong\u00e9e de l'ASCEA Cadarache ont un compte sur ce site. Si vous ne souhaitez plus avoir de compte, merci d'envoyer un mail au webmaster de ce site afin qu'il\u2026","rel":"","context":"Article similaire","block_context":{"text":"Article similaire","link":""},"img":{"alt_text":"","src":"","width":0,"height":0},"classes":[]},{"id":8811,"url":"https:\/\/ascadplon.org\/wordpress\/piscine\/","url_meta":{"origin":21,"position":1},"title":"Piscine","author":"gilles.gobillot","date":"23 f\u00e9vrier 2018","format":false,"excerpt":"EcosystemfranceEntrepriseDecisionsGudangBokep PT Indotama Sakti Sejahtera La saison piscine s'\u00e9tend sur la p\u00e9riode de l'ann\u00e9e scolaire. Piscine du Puy Ste R\u00e9parade : Mercredi de 19h00 \u00e0 21h00 = 2 lignes d\u2019eauAttention: Un \"Directeur de Bassin\" (voir plus bas) est g\u00e9n\u00e9ralement pr\u00e9sent en premi\u00e8re heure, mais pas toujours en deuxi\u00e8me heure !\u2026","rel":"","context":"Article similaire","block_context":{"text":"Article similaire","link":""},"img":{"alt_text":"","src":"","width":0,"height":0},"classes":[]},{"id":1541,"url":"https:\/\/ascadplon.org\/wordpress\/inscriptions-2015-2016\/","url_meta":{"origin":21,"position":2},"title":"Inscriptions","author":"gilles.gobillot","date":"18 novembre 2015","format":false,"excerpt":"(English version below) La campagne d'inscription 2015-2016 a\u00a0commenc\u00e9\u00a0pour les nouveaux adh\u00e9rents. \u00a0Cette ann\u00e9e nombre de places pour les d\u00e9butants TRES LIMITE !\u00a0Premiers dossiers COMPLETS rendu, premiers inscrits ! Pour les anciens vous avez jusqu'en novembre, MAIS PAS PLUS TARD ... Si vous avez besoin de plus de temps (pb de\u2026","rel":"","context":"Dans \"2015 ASCEA\"","block_context":{"text":"2015 ASCEA","link":"https:\/\/ascadplon.org\/wordpress\/tag\/2015-ascea\/"},"img":{"alt_text":"","src":"","width":0,"height":0},"classes":[]},{"id":14530,"url":"https:\/\/ascadplon.org\/wordpress\/inscription-2023-2024\/","url_meta":{"origin":21,"position":3},"title":"Inscription 2023-2024","author":"Olivier.CRETON","date":"11 septembre 2023","format":false,"excerpt":"La campagne d\u2019inscription 2023-2024 est lanc\u00e9e depuis le 11 septembre 2023. Pour les anciens, vous avez jusqu\u2019au 30 novembre pour vous inscrire. ATTENTION, pass\u00e9 cette date , les anciens payerons des frais administratifs. Nous sommes un club de comit\u00e9 d\u2019entreprise, r\u00e9serv\u00e9 en priorit\u00e9 au salari\u00e9s du CEA, d\u2019ITER.Org (badges jaunes)\u2026","rel":"","context":"Article similaire","block_context":{"text":"Article similaire","link":""},"img":{"alt_text":"","src":"","width":0,"height":0},"classes":[]},{"id":14847,"url":"https:\/\/ascadplon.org\/wordpress\/inscription-2024-2025\/","url_meta":{"origin":21,"position":4},"title":"Inscription 2024-2025","author":"Olivier.CRETON","date":"7 novembre 2024","format":false,"excerpt":"La campagne d\u2019inscription 2024-2025 est lanc\u00e9e depuis le 09 septembre 2024. Pour les anciens, vous avez jusqu\u2019au 30 novembre pour vous inscrire. ATTENTION, pass\u00e9 cette date , les anciens payerons des frais administratifs. Nous sommes un club de comit\u00e9 d\u2019entreprise, r\u00e9serv\u00e9 en priorit\u00e9 au salari\u00e9s du CEA, d\u2019ITER.Org (badges jaunes)\u2026","rel":"","context":"Article similaire","block_context":{"text":"Article similaire","link":""},"img":{"alt_text":"","src":"","width":0,"height":0},"classes":[]},{"id":13689,"url":"https:\/\/ascadplon.org\/wordpress\/inscription-2020-2021\/","url_meta":{"origin":21,"position":5},"title":"Inscription 2020-2021","author":"Olivier.CRETON","date":"20 septembre 2020","format":false,"excerpt":"La campagne d\u2019inscription 2020-2021 est lanc\u00e9e depuis le 15 septembre 2020. Pour les anciens, vous avez jusqu\u2019au 30 novembre pour vous inscrire. ATTENTION, pass\u00e9 cette date , les anciens payerons des frais administratifs. Nous sommes un club de comit\u00e9 d\u2019entreprise, r\u00e9serv\u00e9 en priorit\u00e9 au salari\u00e9s du CEA, d\u2019ITER Org (badges\u2026","rel":"","context":"Article similaire","block_context":{"text":"Article similaire","link":""},"img":{"alt_text":"","src":"","width":0,"height":0},"classes":[]}],"_links":{"self":[{"href":"https:\/\/ascadplon.org\/wordpress\/wp-json\/wp\/v2\/pages\/21","targetHints":{"allow":["GET"]}}],"collection":[{"href":"https:\/\/ascadplon.org\/wordpress\/wp-json\/wp\/v2\/pages"}],"about":[{"href":"https:\/\/ascadplon.org\/wordpress\/wp-json\/wp\/v2\/types\/page"}],"author":[{"embeddable":true,"href":"https:\/\/ascadplon.org\/wordpress\/wp-json\/wp\/v2\/users\/2"}],"replies":[{"embeddable":true,"href":"https:\/\/ascadplon.org\/wordpress\/wp-json\/wp\/v2\/comments?post=21"}],"version-history":[{"count":6,"href":"https:\/\/ascadplon.org\/wordpress\/wp-json\/wp\/v2\/pages\/21\/revisions"}],"predecessor-version":[{"id":14570,"href":"https:\/\/ascadplon.org\/wordpress\/wp-json\/wp\/v2\/pages\/21\/revisions\/14570"}],"wp:attachment":[{"href":"https:\/\/ascadplon.org\/wordpress\/wp-json\/wp\/v2\/media?parent=21"}],"curies":[{"name":"wp","href":"https:\/\/api.w.org\/{rel}","templated":true}]}}