{"id":2,"date":"2008-02-02T19:35:18","date_gmt":"2008-02-02T18:35:18","guid":{"rendered":""},"modified":"2020-08-27T10:26:25","modified_gmt":"2020-08-27T09:26:25","slug":"a-propos","status":"publish","type":"page","link":"https:\/\/ascadplon.org\/wordpress\/a-propos\/","title":{"rendered":"A propos"},"content":{"rendered":"<p>Bonjour, vous \u00eates sur le site de l&rsquo;<strong>ASCEA Cadarache Section PLONGEE<\/strong>.<\/p>\n<p><strong> Si vous n&rsquo;\u00eates pas connect\u00e9 <\/strong>(sur ce site), vous n&rsquo;avez pas acc\u00e8s \u00e0  toutes les fonctionnalit\u00e9s (annuaire, &#8230;).<br \/> Une seule solution : cliquer sur le lien sous le bandeau seulement si vous etes membre du club.<br \/> En tant que membre de notre association, vous avez re\u00e7u un identifiant.<br \/> Si vous l&rsquo;avez perdu, ou ne l&rsquo;avez pas encore, demandez-le au webmaster : Utiliser l&rsquo;onglet \u00ab\u00a0Contact\u00a0\u00bb.<\/p>\n<p><big><strong style=\"color: #990000;\">Pour les visiteurs arriv\u00e9s ici par le plus heureux des hasards, ceci est le site interne d&rsquo;un club corporatiste. Les infos qui y sont pr\u00e9sent\u00e9es sont donc r\u00e9serv\u00e9es \u00e0  ses membres. Mais vous \u00eates quand m\u00eame bienvenus.<\/strong><\/big><\/p>\n<p><big><\/big><\/p>\n<p>Ce blog a \u00e9t\u00e9 mis en ligne en f\u00e9vrier 2008 (sous cette forme, car il existe depuis 2002).<\/p>\n<p>\n<?php\nglobal $wpdb;\n$numposts = (int) $wpdb->get_var(\u00ab\u00a0SELECT COUNT(*) FROM $wpdb->posts WHERE post_type = &lsquo;post&rsquo; AND post_status = &lsquo;publish'\u00a0\u00bb);<br \/>\n$numcomms = (int) $wpdb->get_var(\u00ab\u00a0SELECT COUNT(*) FROM $wpdb->comments WHERE comment_approved = &lsquo;1&rsquo;\u00a0\u00bb);<br \/>\n$numcats = wp_count_terms(&lsquo;category&rsquo;);<br \/>\n$numtags = wp_count_terms(&lsquo;post_tag&rsquo;);<br \/>\n$post_str = sprintf(__ngettext(&lsquo;%1$s post&rsquo;, &lsquo;%1$s articles&rsquo;, $numposts), number_format_i18n($numposts), &lsquo;edit.php&rsquo;);<br \/>\n$comm_str = sprintf(__ngettext(&lsquo;%1$s comment&rsquo;, &lsquo;%1$s comments&rsquo;, $numcomms), number_format_i18n($numcomms), &lsquo;edit-comments.php&rsquo;);<br \/>\n$cat_str = sprintf(__ngettext(&lsquo;%1$s category&rsquo;, &lsquo;%1$s cat&eacute;gories&rsquo;, $numcats), number_format_i18n($numcats), &lsquo;categories.php&rsquo;);<br \/>\n$tag_str = sprintf(__ngettext(&lsquo;%1$s tag&rsquo;, &lsquo;%1$s tags&rsquo;, $numtags), number_format_i18n($numtags));<br \/>\necho \u00ab\u00a0Il compte $post_str r&eacute;partis dans $cat_str\u00a0\u00bb;<br \/>\n?><\/p>\n","protected":false},"excerpt":{"rendered":"<p>Bonjour, vous \u00eates sur le site de l&rsquo;ASCEA Cadarache Section PLONGEE. Si vous n&rsquo;\u00eates pas connect\u00e9 (sur ce site), vous n&rsquo;avez pas acc\u00e8s \u00e0 toutes les fonctionnalit\u00e9s (annuaire, &#8230;). Une seule solution : cliquer sur le lien sous le bandeau seulement si vous etes membre du club. En tant que membre de notre association, vous [&hellip;]<\/p>\n","protected":false},"author":2,"featured_media":0,"parent":0,"menu_order":11,"comment_status":"open","ping_status":"open","template":"","meta":{"footnotes":""},"class_list":["post-2","page","type-page","status-publish","hentry"],"jetpack_sharing_enabled":true,"jetpack_likes_enabled":true,"jetpack-related-posts":[{"id":9151,"url":"https:\/\/ascadplon.org\/wordpress\/politique-de-confidentialite\/","url_meta":{"origin":2,"position":0},"title":"Politique de confidentialit\u00e9","author":"gilles.gobillot","date":"28 mai 2018","format":false,"excerpt":"Qui sommes-nous\u00a0? L\u2019adresse de notre site Web est\u00a0: http:\/\/ascadplon.org\/wordpress. Utilisation des donn\u00e9es personnelles collect\u00e9es Inscription Seuls les adh\u00e9rents de la section plong\u00e9e de l'ASCEA Cadarache ont un compte sur ce site. Si vous ne souhaitez plus avoir de compte, merci d'envoyer un mail au webmaster de ce site afin qu'il\u2026","rel":"","context":"Article similaire","block_context":{"text":"Article similaire","link":""},"img":{"alt_text":"","src":"","width":0,"height":0},"classes":[]},{"id":1541,"url":"https:\/\/ascadplon.org\/wordpress\/inscriptions-2015-2016\/","url_meta":{"origin":2,"position":1},"title":"Inscriptions","author":"gilles.gobillot","date":"18 novembre 2015","format":false,"excerpt":"(English version below) La campagne d'inscription 2015-2016 a\u00a0commenc\u00e9\u00a0pour les nouveaux adh\u00e9rents. \u00a0Cette ann\u00e9e nombre de places pour les d\u00e9butants TRES LIMITE !\u00a0Premiers dossiers COMPLETS rendu, premiers inscrits ! Pour les anciens vous avez jusqu'en novembre, MAIS PAS PLUS TARD ... Si vous avez besoin de plus de temps (pb de\u2026","rel":"","context":"Dans \"2015 ASCEA\"","block_context":{"text":"2015 ASCEA","link":"https:\/\/ascadplon.org\/wordpress\/tag\/2015-ascea\/"},"img":{"alt_text":"","src":"","width":0,"height":0},"classes":[]},{"id":14530,"url":"https:\/\/ascadplon.org\/wordpress\/inscription-2023-2024\/","url_meta":{"origin":2,"position":2},"title":"Inscription 2023-2024","author":"Olivier.CRETON","date":"11 septembre 2023","format":false,"excerpt":"La campagne d\u2019inscription 2023-2024 est lanc\u00e9e depuis le 11 septembre 2023. Pour les anciens, vous avez jusqu\u2019au 30 novembre pour vous inscrire. ATTENTION, pass\u00e9 cette date , les anciens payerons des frais administratifs. Nous sommes un club de comit\u00e9 d\u2019entreprise, r\u00e9serv\u00e9 en priorit\u00e9 au salari\u00e9s du CEA, d\u2019ITER.Org (badges jaunes)\u2026","rel":"","context":"Article similaire","block_context":{"text":"Article similaire","link":""},"img":{"alt_text":"","src":"","width":0,"height":0},"classes":[]},{"id":14847,"url":"https:\/\/ascadplon.org\/wordpress\/inscription-2024-2025\/","url_meta":{"origin":2,"position":3},"title":"Inscription 2024-2025","author":"Olivier.CRETON","date":"7 novembre 2024","format":false,"excerpt":"La campagne d\u2019inscription 2024-2025 est lanc\u00e9e depuis le 09 septembre 2024. Pour les anciens, vous avez jusqu\u2019au 30 novembre pour vous inscrire. ATTENTION, pass\u00e9 cette date , les anciens payerons des frais administratifs. Nous sommes un club de comit\u00e9 d\u2019entreprise, r\u00e9serv\u00e9 en priorit\u00e9 au salari\u00e9s du CEA, d\u2019ITER.Org (badges jaunes)\u2026","rel":"","context":"Article similaire","block_context":{"text":"Article similaire","link":""},"img":{"alt_text":"","src":"","width":0,"height":0},"classes":[]},{"id":15087,"url":"https:\/\/ascadplon.org\/wordpress\/inscription-2025-2026\/","url_meta":{"origin":2,"position":4},"title":"Inscription 2025-2026","author":"Olivier.CRETON","date":"9 septembre 2025","format":false,"excerpt":"La campagne d\u2019inscription 2025-2026 est lanc\u00e9e \u00e0 partir du 11 septembre 2025. Pour les anciens, vous avez jusqu\u2019au 30 novembre pour vous inscrire. ATTENTION, pass\u00e9 cette date , les anciens payerons des frais administratifs. Nous sommes un club de comit\u00e9 d\u2019entreprise, r\u00e9serv\u00e9 en priorit\u00e9 au salari\u00e9s du CEA, d\u2019ITER.Org (badges\u2026","rel":"","context":"Article similaire","block_context":{"text":"Article similaire","link":""},"img":{"alt_text":"","src":"","width":0,"height":0},"classes":[]},{"id":13689,"url":"https:\/\/ascadplon.org\/wordpress\/inscription-2020-2021\/","url_meta":{"origin":2,"position":5},"title":"Inscription 2020-2021","author":"Olivier.CRETON","date":"20 septembre 2020","format":false,"excerpt":"La campagne d\u2019inscription 2020-2021 est lanc\u00e9e depuis le 15 septembre 2020. Pour les anciens, vous avez jusqu\u2019au 30 novembre pour vous inscrire. ATTENTION, pass\u00e9 cette date , les anciens payerons des frais administratifs. Nous sommes un club de comit\u00e9 d\u2019entreprise, r\u00e9serv\u00e9 en priorit\u00e9 au salari\u00e9s du CEA, d\u2019ITER Org (badges\u2026","rel":"","context":"Article similaire","block_context":{"text":"Article similaire","link":""},"img":{"alt_text":"","src":"","width":0,"height":0},"classes":[]}],"_links":{"self":[{"href":"https:\/\/ascadplon.org\/wordpress\/wp-json\/wp\/v2\/pages\/2","targetHints":{"allow":["GET"]}}],"collection":[{"href":"https:\/\/ascadplon.org\/wordpress\/wp-json\/wp\/v2\/pages"}],"about":[{"href":"https:\/\/ascadplon.org\/wordpress\/wp-json\/wp\/v2\/types\/page"}],"author":[{"embeddable":true,"href":"https:\/\/ascadplon.org\/wordpress\/wp-json\/wp\/v2\/users\/2"}],"replies":[{"embeddable":true,"href":"https:\/\/ascadplon.org\/wordpress\/wp-json\/wp\/v2\/comments?post=2"}],"version-history":[{"count":2,"href":"https:\/\/ascadplon.org\/wordpress\/wp-json\/wp\/v2\/pages\/2\/revisions"}],"predecessor-version":[{"id":13630,"href":"https:\/\/ascadplon.org\/wordpress\/wp-json\/wp\/v2\/pages\/2\/revisions\/13630"}],"wp:attachment":[{"href":"https:\/\/ascadplon.org\/wordpress\/wp-json\/wp\/v2\/media?parent=2"}],"curies":[{"name":"wp","href":"https:\/\/api.w.org\/{rel}","templated":true}]}}