{"id":1541,"date":"2015-11-18T23:52:56","date_gmt":"2015-11-18T22:52:56","guid":{"rendered":"http:\/\/ascadplon.org\/wordpress\/"},"modified":"2017-01-11T16:13:08","modified_gmt":"2017-01-11T15:13:08","slug":"inscriptions-2015-2016","status":"publish","type":"page","link":"https:\/\/ascadplon.org\/wordpress\/inscriptions-2015-2016\/","title":{"rendered":"Inscriptions"},"content":{"rendered":"<p>(English version below)<\/p>\n<p>La campagne d\u2019inscription 2015-2016 a\u00a0commenc\u00e9\u00a0<span style=\"text-decoration: underline;\"><strong>pour les nouveaux adh\u00e9rents. <span style=\"color: #3366ff;\">\u00a0Cette ann\u00e9e nombre de places pour les d\u00e9butants TRES LIMITE !<\/span><\/strong><\/span><span style=\"color: #3366ff;\"><strong><span style=\"color: #ff9900;\">\u00a0Premiers dossiers COMPLETS rendu, premiers inscrits !<\/span><\/strong><\/span><\/p>\n<p>Pour les anciens vous avez jusqu\u2019en novembre, MAIS PAS PLUS TARD \u2026 Si vous avez besoin de plus de temps (pb de sant\u00e9, \u2026) signalez au bureau votre intention. C\u2019est TR\u00c8S IMPORTANT pour les demandes de budget.<\/p>\n<p>Nous sommes un club de comit\u00e9 d\u2019entreprise, r\u00e9serv\u00e9 en priorit\u00e9 au salari\u00e9s du CEA et ITER, mais \u00e9galement aux entreprises et club conventionn\u00e9s, ainsi qu\u2019au salari\u00e9s des entreprises travaillant sur le centre de Cadarache.<\/p>\n<p>Si vous pensez rentrer dans ces conditions, vous trouverez <strong><span style=\"background-color: #ffff00;\">d\u00e8s maintenant<\/span><\/strong>\u00a0le dossier d\u2019inscription <span style=\"text-decoration: underline;\"><strong>2015-2016\u00a0<\/strong><\/span><em>en dessous de cet article (choisir Fiche_InscriptionPlongee_2015-2016<span style=\"color: #ff0000;\">V2<\/span>) .<\/em><\/p>\n<p>Seuls les dossiers COMPLETS (j\u2019insiste !) seront consid\u00e9r\u00e9s.<\/p>\n<hr \/>\n<p><strong><span style=\"text-decoration: underline;\"><span style=\"background-color: #00ff00;\">Pour les adh\u00e9rents d\u00e9j\u00e0 inscrits en 2014-2015\u00a0<\/span><\/span><\/strong>\u00a0<span style=\"background-color: #ffff00;\">: Vous pouvez v\u00e9rifier\/modifiez vous-m\u00eame votre fiche sur internet, sinon vous signalez les \u00e9volutions au secr\u00e9tariat.<\/span><\/p>\n<p><span style=\"text-decoration: underline;\"><strong>Trois \u00e9l\u00e9ments sont obligatoires pour pratiquer les activit\u00e9s<\/strong><\/span>, \u00e0 savoir : Il faut poss\u00e9der un <span style=\"text-decoration: underline;\"><strong>certificat m\u00e9dical<\/strong><\/span> [<span style=\"text-decoration: underline;\">m\u00e9decin du sport ou ayant une sp\u00e9cialit\u00e9 plong\u00e9e ou f\u00e9d\u00e9ral<\/span> voir \u00a7 3 du r\u00e8glement int\u00e9rieur] \u00e0 jour (attention validit\u00e9 12 mois), une <span style=\"text-decoration: underline;\"><strong>carte ASCEA<\/strong><\/span> (fin de validit\u00e9 de la carte 2014-2015\u00a0= 30 septembre 2015) et votre<span style=\"text-decoration: underline;\"><strong> licence \u00e0 jour<\/strong><\/span> (fin de validit\u00e9 de la licence 2015= 31 d\u00e9cembre 2015).<\/p>\n<p>En clair = Attention \u00e0 votre <strong>certificat m\u00e9dical<\/strong> (code de couleur dans l\u2019annuaire) + <strong>Faites renouveler votre carte ASCEA<\/strong> (d\u00e8s aujourd\u2019hui).<\/p>\n<p>\u00a0<\/p>\n<p><span style=\"text-decoration: underline;\"><span style=\"color: #ff0000; text-decoration: underline;\"><strong>English<\/strong> <\/span><\/span>: (help to improve my english welcome ^^)<\/p>\n<p>The 2015-2016 inscription campaign will begin in September for the new members.<br \/>\nWe are a club reserved in priority to CEA\u00a0and ITER employees, but also to Cadarache center companie\u2019s employees and their familly.<br \/>\nIf you are concerned, you will find a registration forms below this article (sorry only in french).<br \/>\nOnly complete files will be considered. Be ready for the \u00ab\u00a0<strong>salon des sports<\/strong>\u00a0\u00bb<\/p>\n<hr \/>\n<p>For members already registered in 2014-2015: You can check\/modify yourself your file on Internet.<br \/>\nPlease wait the secretary (or webmaster) email for the next season registration.<\/p>\n<hr \/>\n<p><em><strong>Don\u2019t forget<\/strong><\/em> : It is mandatory\u00a0to own a <strong>medical doctor\u2019s certificate<\/strong> [sport or scuba diving speciality M.D. \u00a0] up to date (validity 12 months), an <strong>ASCEA card<\/strong> (validity 2014-2015 = September 30th, 2015) and your up to date<strong> scuba diving licence<\/strong> (end of validity December 31st, 2015).<br \/>\nThese three elements are mandatory to practice our\u00a0activities!<\/p>\n","protected":false},"excerpt":{"rendered":"<p>(English version below) La campagne d\u2019inscription 2015-2016 a\u00a0commenc\u00e9\u00a0pour les nouveaux adh\u00e9rents. \u00a0Cette ann\u00e9e nombre de places pour les d\u00e9butants TRES LIMITE !\u00a0Premiers dossiers COMPLETS rendu, premiers inscrits ! Pour les anciens vous avez jusqu\u2019en novembre, MAIS PAS PLUS TARD \u2026 Si vous avez besoin de plus de temps (pb de sant\u00e9, \u2026) signalez au bureau [&hellip;]<\/p>\n","protected":false},"author":2,"featured_media":0,"parent":0,"menu_order":5,"comment_status":"open","ping_status":"open","template":"","meta":{"footnotes":""},"class_list":["post-1541","page","type-page","status-publish","hentry"],"jetpack_sharing_enabled":true,"jetpack_likes_enabled":true,"jetpack-related-posts":[{"id":14530,"url":"https:\/\/ascadplon.org\/wordpress\/inscription-2023-2024\/","url_meta":{"origin":1541,"position":0},"title":"Inscription 2023-2024","author":"Olivier.CRETON","date":"11 septembre 2023","format":false,"excerpt":"La campagne d\u2019inscription 2023-2024 est lanc\u00e9e depuis le 11 septembre 2023. Pour les anciens, vous avez jusqu\u2019au 30 novembre pour vous inscrire. ATTENTION, pass\u00e9 cette date , les anciens payerons des frais administratifs. Nous sommes un club de comit\u00e9 d\u2019entreprise, r\u00e9serv\u00e9 en priorit\u00e9 au salari\u00e9s du CEA, d\u2019ITER.Org (badges jaunes)\u2026","rel":"","context":"Article similaire","block_context":{"text":"Article similaire","link":""},"img":{"alt_text":"","src":"","width":0,"height":0},"classes":[]},{"id":14847,"url":"https:\/\/ascadplon.org\/wordpress\/inscription-2024-2025\/","url_meta":{"origin":1541,"position":1},"title":"Inscription 2024-2025","author":"Olivier.CRETON","date":"7 novembre 2024","format":false,"excerpt":"La campagne d\u2019inscription 2024-2025 est lanc\u00e9e depuis le 09 septembre 2024. Pour les anciens, vous avez jusqu\u2019au 30 novembre pour vous inscrire. ATTENTION, pass\u00e9 cette date , les anciens payerons des frais administratifs. Nous sommes un club de comit\u00e9 d\u2019entreprise, r\u00e9serv\u00e9 en priorit\u00e9 au salari\u00e9s du CEA, d\u2019ITER.Org (badges jaunes)\u2026","rel":"","context":"Article similaire","block_context":{"text":"Article similaire","link":""},"img":{"alt_text":"","src":"","width":0,"height":0},"classes":[]},{"id":15087,"url":"https:\/\/ascadplon.org\/wordpress\/inscription-2025-2026\/","url_meta":{"origin":1541,"position":2},"title":"Inscription 2025-2026","author":"Olivier.CRETON","date":"9 septembre 2025","format":false,"excerpt":"La campagne d\u2019inscription 2025-2026 est lanc\u00e9e \u00e0 partir du 11 septembre 2025. Pour les anciens, vous avez jusqu\u2019au 30 novembre pour vous inscrire. ATTENTION, pass\u00e9 cette date , les anciens payerons des frais administratifs. Nous sommes un club de comit\u00e9 d\u2019entreprise, r\u00e9serv\u00e9 en priorit\u00e9 au salari\u00e9s du CEA, d\u2019ITER.Org (badges\u2026","rel":"","context":"Article similaire","block_context":{"text":"Article similaire","link":""},"img":{"alt_text":"","src":"","width":0,"height":0},"classes":[]},{"id":13689,"url":"https:\/\/ascadplon.org\/wordpress\/inscription-2020-2021\/","url_meta":{"origin":1541,"position":3},"title":"Inscription 2020-2021","author":"Olivier.CRETON","date":"20 septembre 2020","format":false,"excerpt":"La campagne d\u2019inscription 2020-2021 est lanc\u00e9e depuis le 15 septembre 2020. Pour les anciens, vous avez jusqu\u2019au 30 novembre pour vous inscrire. ATTENTION, pass\u00e9 cette date , les anciens payerons des frais administratifs. Nous sommes un club de comit\u00e9 d\u2019entreprise, r\u00e9serv\u00e9 en priorit\u00e9 au salari\u00e9s du CEA, d\u2019ITER Org (badges\u2026","rel":"","context":"Article similaire","block_context":{"text":"Article similaire","link":""},"img":{"alt_text":"","src":"","width":0,"height":0},"classes":[]},{"id":14317,"url":"https:\/\/ascadplon.org\/wordpress\/inscription-2022-2023\/","url_meta":{"origin":1541,"position":4},"title":"Inscription 2022-2023","author":"Olivier.CRETON","date":"3 septembre 2022","format":false,"excerpt":"La campagne d\u2019inscription 2022-2023 est lanc\u00e9e depuis le 1er septembre 2022. Pour les anciens, vous avez jusqu\u2019au 30 novembre pour vous inscrire. ATTENTION, pass\u00e9 cette date , les anciens payerons des frais administratifs. Nous sommes un club de comit\u00e9 d\u2019entreprise, r\u00e9serv\u00e9 en priorit\u00e9 au salari\u00e9s du CEA, d\u2019ITER.Org (badges jaunes)\u2026","rel":"","context":"Article similaire","block_context":{"text":"Article similaire","link":""},"img":{"alt_text":"","src":"","width":0,"height":0},"classes":[]},{"id":13998,"url":"https:\/\/ascadplon.org\/wordpress\/inscription-2021-2022\/","url_meta":{"origin":1541,"position":5},"title":"Inscription 2021-2022","author":"Olivier.CRETON","date":"23 septembre 2021","format":false,"excerpt":"La campagne d\u2019inscription 2021-2022 est lanc\u00e9e depuis le 23 septembre 2021. Nous sommes un club de comit\u00e9 d\u2019entreprise, r\u00e9serv\u00e9 en priorit\u00e9 au salari\u00e9s du CEA, d\u2019ITER Org (badges jaunes) et club conventionn\u00e9s de la r\u00e9gion, mais \u00e9galement aux salari\u00e9s des entreprises travaillant sur le centre de Cadarache. Si vous pensez\u2026","rel":"","context":"Article similaire","block_context":{"text":"Article similaire","link":""},"img":{"alt_text":"","src":"","width":0,"height":0},"classes":[]}],"_links":{"self":[{"href":"https:\/\/ascadplon.org\/wordpress\/wp-json\/wp\/v2\/pages\/1541","targetHints":{"allow":["GET"]}}],"collection":[{"href":"https:\/\/ascadplon.org\/wordpress\/wp-json\/wp\/v2\/pages"}],"about":[{"href":"https:\/\/ascadplon.org\/wordpress\/wp-json\/wp\/v2\/types\/page"}],"author":[{"embeddable":true,"href":"https:\/\/ascadplon.org\/wordpress\/wp-json\/wp\/v2\/users\/2"}],"replies":[{"embeddable":true,"href":"https:\/\/ascadplon.org\/wordpress\/wp-json\/wp\/v2\/comments?post=1541"}],"version-history":[{"count":0,"href":"https:\/\/ascadplon.org\/wordpress\/wp-json\/wp\/v2\/pages\/1541\/revisions"}],"wp:attachment":[{"href":"https:\/\/ascadplon.org\/wordpress\/wp-json\/wp\/v2\/media?parent=1541"}],"curies":[{"name":"wp","href":"https:\/\/api.w.org\/{rel}","templated":true}]}}