{"id":15232,"date":"2026-02-24T13:37:44","date_gmt":"2026-02-24T12:37:44","guid":{"rendered":"https:\/\/ascadplon.org\/wordpress\/?page_id=15232"},"modified":"2026-04-12T16:41:03","modified_gmt":"2026-04-12T15:41:03","slug":"annuaire-v5","status":"publish","type":"page","link":"https:\/\/ascadplon.org\/wordpress\/annuaire-v5\/","title":{"rendered":"Annuaire v5"},"content":{"rendered":"","protected":false},"excerpt":{"rendered":"","protected":false},"author":646,"featured_media":0,"parent":0,"menu_order":0,"comment_status":"closed","ping_status":"closed","template":"page-annuaireTest.php","meta":{"footnotes":""},"class_list":["post-15232","page","type-page","status-publish","hentry"],"jetpack_sharing_enabled":true,"jetpack_likes_enabled":true,"jetpack-related-posts":[{"id":2567,"url":"https:\/\/ascadplon.org\/wordpress\/annuaire-v4\/","url_meta":{"origin":15232,"position":0},"title":"Annuaire","author":"gilles.gobillot","date":"26 novembre 2012","format":false,"excerpt":"","rel":"","context":"Article similaire","block_context":{"text":"Article similaire","link":""},"img":{"alt_text":"","src":"","width":0,"height":0},"classes":[]},{"id":13689,"url":"https:\/\/ascadplon.org\/wordpress\/inscription-2020-2021\/","url_meta":{"origin":15232,"position":1},"title":"Inscription 2020-2021","author":"Olivier.CRETON","date":"20 septembre 2020","format":false,"excerpt":"La campagne d\u2019inscription 2020-2021 est lanc\u00e9e depuis le 15 septembre 2020. Pour les anciens, vous avez jusqu\u2019au 30 novembre pour vous inscrire. ATTENTION, pass\u00e9 cette date , les anciens payerons des frais administratifs. Nous sommes un club de comit\u00e9 d\u2019entreprise, r\u00e9serv\u00e9 en priorit\u00e9 au salari\u00e9s du CEA, d\u2019ITER Org (badges\u2026","rel":"","context":"Article similaire","block_context":{"text":"Article similaire","link":""},"img":{"alt_text":"","src":"","width":0,"height":0},"classes":[]},{"id":13998,"url":"https:\/\/ascadplon.org\/wordpress\/inscription-2021-2022\/","url_meta":{"origin":15232,"position":2},"title":"Inscription 2021-2022","author":"Olivier.CRETON","date":"23 septembre 2021","format":false,"excerpt":"La campagne d\u2019inscription 2021-2022 est lanc\u00e9e depuis le 23 septembre 2021. Nous sommes un club de comit\u00e9 d\u2019entreprise, r\u00e9serv\u00e9 en priorit\u00e9 au salari\u00e9s du CEA, d\u2019ITER Org (badges jaunes) et club conventionn\u00e9s de la r\u00e9gion, mais \u00e9galement aux salari\u00e9s des entreprises travaillant sur le centre de Cadarache. Si vous pensez\u2026","rel":"","context":"Article similaire","block_context":{"text":"Article similaire","link":""},"img":{"alt_text":"","src":"","width":0,"height":0},"classes":[]},{"id":14317,"url":"https:\/\/ascadplon.org\/wordpress\/inscription-2022-2023\/","url_meta":{"origin":15232,"position":3},"title":"Inscription 2022-2023","author":"Olivier.CRETON","date":"3 septembre 2022","format":false,"excerpt":"La campagne d\u2019inscription 2022-2023 est lanc\u00e9e depuis le 1er septembre 2022. Pour les anciens, vous avez jusqu\u2019au 30 novembre pour vous inscrire. ATTENTION, pass\u00e9 cette date , les anciens payerons des frais administratifs. Nous sommes un club de comit\u00e9 d\u2019entreprise, r\u00e9serv\u00e9 en priorit\u00e9 au salari\u00e9s du CEA, d\u2019ITER.Org (badges jaunes)\u2026","rel":"","context":"Article similaire","block_context":{"text":"Article similaire","link":""},"img":{"alt_text":"","src":"","width":0,"height":0},"classes":[]},{"id":2,"url":"https:\/\/ascadplon.org\/wordpress\/a-propos\/","url_meta":{"origin":15232,"position":4},"title":"A propos","author":"gilles.gobillot","date":"2 f\u00e9vrier 2008","format":false,"excerpt":"Bonjour, vous \u00eates sur le site de l'ASCEA Cadarache Section PLONGEE. Si vous n'\u00eates pas connect\u00e9 (sur ce site), vous n'avez pas acc\u00e8s \u00e0 toutes les fonctionnalit\u00e9s (annuaire, ...). Une seule solution : cliquer sur le lien sous le bandeau seulement si vous etes membre du club. En tant que\u2026","rel":"","context":"Dans &quot;Non class\u00e9&quot;","block_context":{"text":"Non class\u00e9","link":"https:\/\/ascadplon.org\/wordpress\/category\/non-classe\/"},"img":{"alt_text":"","src":"","width":0,"height":0},"classes":[]}],"_links":{"self":[{"href":"https:\/\/ascadplon.org\/wordpress\/wp-json\/wp\/v2\/pages\/15232","targetHints":{"allow":["GET"]}}],"collection":[{"href":"https:\/\/ascadplon.org\/wordpress\/wp-json\/wp\/v2\/pages"}],"about":[{"href":"https:\/\/ascadplon.org\/wordpress\/wp-json\/wp\/v2\/types\/page"}],"author":[{"embeddable":true,"href":"https:\/\/ascadplon.org\/wordpress\/wp-json\/wp\/v2\/users\/646"}],"replies":[{"embeddable":true,"href":"https:\/\/ascadplon.org\/wordpress\/wp-json\/wp\/v2\/comments?post=15232"}],"version-history":[{"count":2,"href":"https:\/\/ascadplon.org\/wordpress\/wp-json\/wp\/v2\/pages\/15232\/revisions"}],"predecessor-version":[{"id":15235,"href":"https:\/\/ascadplon.org\/wordpress\/wp-json\/wp\/v2\/pages\/15232\/revisions\/15235"}],"wp:attachment":[{"href":"https:\/\/ascadplon.org\/wordpress\/wp-json\/wp\/v2\/media?parent=15232"}],"curies":[{"name":"wp","href":"https:\/\/api.w.org\/{rel}","templated":true}]}}