{"id":14317,"date":"2022-09-03T16:01:27","date_gmt":"2022-09-03T15:01:27","guid":{"rendered":"https:\/\/ascadplon.org\/wordpress\/?page_id=14317"},"modified":"2022-09-07T17:36:27","modified_gmt":"2022-09-07T16:36:27","slug":"inscription-2022-2023","status":"publish","type":"page","link":"https:\/\/ascadplon.org\/wordpress\/inscription-2022-2023\/","title":{"rendered":"Inscription 2022-2023"},"content":{"rendered":"\n<p>La campagne d\u2019inscription 2022-2023 est lanc\u00e9e depuis le 1er septembre 2022. Pour les anciens, vous avez jusqu\u2019au <em><strong>30 novembre<\/strong><\/em> pour vous inscrire. <strong>ATTENTION<\/strong>, pass\u00e9 cette date , les <strong><em>anciens<\/em> <\/strong>payerons des frais administratifs.<\/p>\n\n\n\n<p>Nous sommes un club de comit\u00e9 d\u2019entreprise, r\u00e9serv\u00e9 en priorit\u00e9 au salari\u00e9s du CEA, d\u2019ITER.Org (badges jaunes) et club conventionn\u00e9s de la r\u00e9gion, mais \u00e9galement aux salari\u00e9s des entreprises travaillant sur le centre de Cadarache. Si vous pensez rentrer dans ces conditions, vous trouverez ci-dessous le dossier d\u2019inscription <strong>2022-2023<\/strong><em>.<\/em>&nbsp;<\/p>\n\n\n\n<p>L\u2019\u00e9cole des d\u00e9butants \u00e9tant limit\u00e9e en place, les premiers dossiers rendus seront les premiers accept\u00e9s !<\/p>\n\n\n\n<p>Seuls les dossiers <strong>COMPLETS <\/strong>seront pris en compte.<\/p>\n\n\n\n<p><strong>Deux \u00e9l\u00e9ments sont obligatoires pour d\u00e9poser votre dossier <\/strong>:<\/p>\n\n\n\n<ul class=\"wp-block-list\"><li>un <strong>certificat m\u00e9dical<\/strong> [m\u00e9decin du sport ou ayant une sp\u00e9cialit\u00e9 plong\u00e9e ou f\u00e9d\u00e9ral voir \u00a73 du r\u00e8glement int\u00e9rieur] \u00e0 jour (attention validit\u00e9 12 mois). <strong>ATTENTION : Certificats de m\u00e9decins g\u00e9n\u00e9ralistes non accept\u00e9s<\/strong>,<\/li><li>la <strong>carte ASCEA 2023<\/strong>, dossier d&rsquo;inscription disponible ici: <a href=\"http:\/\/asceacad.fr\/documents-pratiques\/bulletin-dadhesion\/\">http:\/\/asceacad.fr\/documents-pratiques\/bulletin-dadhesion\/<\/a><\/li><\/ul>\n\n\n\n<p>Pour toutes questions, vous pouvez nous contacter \u00e0 <a href=\"mailto:secretaire@ascadplon.org\">secretaire@ascadplon.org<\/a><\/p>\n\n\n\n<div class=\"wp-block-file\"><a id=\"wp-block-file--media-14ed5d51-cd77-4b06-b481-7a7dcb5f1fbe\" href=\"https:\/\/ascadplon.org\/wordpress\/wp-content\/uploads\/2022\/09\/Inscription_Section_Plongee_2023_v1-1.pdf\">Inscription_Section_Plongee_2023_v1-1<\/a><a href=\"https:\/\/ascadplon.org\/wordpress\/wp-content\/uploads\/2022\/09\/Inscription_Section_Plongee_2023_v1-1.pdf\" class=\"wp-block-file__button\" download aria-describedby=\"wp-block-file--media-14ed5d51-cd77-4b06-b481-7a7dcb5f1fbe\">T\u00e9l\u00e9charger<\/a><\/div>\n\n\n\n<h2 class=\"wp-block-heading\">Quelques m\u00e9decins :<\/h2>\n\n\n\n<p>La liste des m\u00e9decins du sport, de la plong\u00e9e, hyperbare, ou f\u00e9d\u00e9raux est tr\u00e8s longue \u2026<\/p>\n\n\n\n<p>Voici quelques liens :<\/p>\n\n\n\n<p>M\u00e9decins f\u00e9d\u00e9raux 2021 : <a rel=\"noreferrer noopener\" href=\"https:\/\/www.ffessm-paca.fr\/images\/Medical\/Liste_OF_MEDECINS_FEDERAUX_2021_region_sud_.pdf\" target=\"_blank\">Sur le site de la r\u00e9gion \u00ab&nbsp;SUD PACA&nbsp;\u00bb<\/a><\/p>\n\n\n\n<p>M\u00e9decins du sport dans les Alpes de Haute Provence : <a rel=\"noreferrer noopener\" href=\"https:\/\/www.pagesjaunes.fr\/annuaire\/departement\/alpes-de-haute-provence-04\/medecins-medecine-du-sport\" target=\"_blank\">https:\/\/www.pagesjaunes.fr\/annuaire\/departement\/alpes-de-haute-provence-04\/medecins-medecine-du-sport<\/a><\/p>\n\n\n\n<p>M\u00e9decins du sport dans les bouches du rh\u00f4ne : <a href=\"https:\/\/www.pagesjaunes.fr\/annuaire\/departement\/bouches-du-rhone-13\/medecins-medecine-du-sport\" target=\"_blank\" rel=\"noreferrer noopener\">https:\/\/www.pagesjaunes.fr\/annuaire\/departement\/bouches-du-rhone-13\/medecins-medecine-du-sport<\/a><\/p>\n\n\n\n<p>M\u00e9decins du sport dans le Var : <a rel=\"noreferrer noopener\" href=\"https:\/\/www.pagesjaunes.fr\/annuaire\/departement\/var-83\/medecins-medecine-du-sport\" target=\"_blank\">https:\/\/www.pagesjaunes.fr\/annuaire\/departement\/var-83\/medecins-medecine-du-sport<\/a><\/p>\n\n\n\n<p>M\u00e9decins du sport dans le Vaucluse : <a href=\"https:\/\/www.pagesjaunes.fr\/annuaire\/departement\/vaucluse-84\/medecins-medecine-du-sport\">https:\/\/www.pagesjaunes.fr\/annuaire\/departement\/vaucluse-84\/medecins-medecine-du-sport<\/a><\/p>\n","protected":false},"excerpt":{"rendered":"<p>La campagne d\u2019inscription 2022-2023 est lanc\u00e9e depuis le 1er septembre 2022. Pour les anciens, vous avez jusqu\u2019au 30 novembre pour vous inscrire. ATTENTION, pass\u00e9 cette date , les anciens payerons des frais administratifs. Nous sommes un club de comit\u00e9 d\u2019entreprise, r\u00e9serv\u00e9 en priorit\u00e9 au salari\u00e9s du CEA, d\u2019ITER.Org (badges jaunes) et club conventionn\u00e9s de la [&hellip;]<\/p>\n","protected":false},"author":531,"featured_media":0,"parent":0,"menu_order":0,"comment_status":"closed","ping_status":"closed","template":"","meta":{"footnotes":""},"class_list":["post-14317","page","type-page","status-publish","hentry"],"jetpack_sharing_enabled":true,"jetpack_likes_enabled":true,"jetpack-related-posts":[{"id":14530,"url":"https:\/\/ascadplon.org\/wordpress\/inscription-2023-2024\/","url_meta":{"origin":14317,"position":0},"title":"Inscription 2023-2024","author":"Olivier.CRETON","date":"11 septembre 2023","format":false,"excerpt":"La campagne d\u2019inscription 2023-2024 est lanc\u00e9e depuis le 11 septembre 2023. Pour les anciens, vous avez jusqu\u2019au 30 novembre pour vous inscrire. ATTENTION, pass\u00e9 cette date , les anciens payerons des frais administratifs. Nous sommes un club de comit\u00e9 d\u2019entreprise, r\u00e9serv\u00e9 en priorit\u00e9 au salari\u00e9s du CEA, d\u2019ITER.Org (badges jaunes)\u2026","rel":"","context":"Article similaire","block_context":{"text":"Article similaire","link":""},"img":{"alt_text":"","src":"","width":0,"height":0},"classes":[]},{"id":14847,"url":"https:\/\/ascadplon.org\/wordpress\/inscription-2024-2025\/","url_meta":{"origin":14317,"position":1},"title":"Inscription 2024-2025","author":"Olivier.CRETON","date":"7 novembre 2024","format":false,"excerpt":"La campagne d\u2019inscription 2024-2025 est lanc\u00e9e depuis le 09 septembre 2024. Pour les anciens, vous avez jusqu\u2019au 30 novembre pour vous inscrire. ATTENTION, pass\u00e9 cette date , les anciens payerons des frais administratifs. Nous sommes un club de comit\u00e9 d\u2019entreprise, r\u00e9serv\u00e9 en priorit\u00e9 au salari\u00e9s du CEA, d\u2019ITER.Org (badges jaunes)\u2026","rel":"","context":"Article similaire","block_context":{"text":"Article similaire","link":""},"img":{"alt_text":"","src":"","width":0,"height":0},"classes":[]},{"id":15087,"url":"https:\/\/ascadplon.org\/wordpress\/inscription-2025-2026\/","url_meta":{"origin":14317,"position":2},"title":"Inscription 2025-2026","author":"Olivier.CRETON","date":"9 septembre 2025","format":false,"excerpt":"La campagne d\u2019inscription 2025-2026 est lanc\u00e9e \u00e0 partir du 11 septembre 2025. Pour les anciens, vous avez jusqu\u2019au 30 novembre pour vous inscrire. ATTENTION, pass\u00e9 cette date , les anciens payerons des frais administratifs. Nous sommes un club de comit\u00e9 d\u2019entreprise, r\u00e9serv\u00e9 en priorit\u00e9 au salari\u00e9s du CEA, d\u2019ITER.Org (badges\u2026","rel":"","context":"Article similaire","block_context":{"text":"Article similaire","link":""},"img":{"alt_text":"","src":"","width":0,"height":0},"classes":[]},{"id":13689,"url":"https:\/\/ascadplon.org\/wordpress\/inscription-2020-2021\/","url_meta":{"origin":14317,"position":3},"title":"Inscription 2020-2021","author":"Olivier.CRETON","date":"20 septembre 2020","format":false,"excerpt":"La campagne d\u2019inscription 2020-2021 est lanc\u00e9e depuis le 15 septembre 2020. Pour les anciens, vous avez jusqu\u2019au 30 novembre pour vous inscrire. ATTENTION, pass\u00e9 cette date , les anciens payerons des frais administratifs. Nous sommes un club de comit\u00e9 d\u2019entreprise, r\u00e9serv\u00e9 en priorit\u00e9 au salari\u00e9s du CEA, d\u2019ITER Org (badges\u2026","rel":"","context":"Article similaire","block_context":{"text":"Article similaire","link":""},"img":{"alt_text":"","src":"","width":0,"height":0},"classes":[]},{"id":13998,"url":"https:\/\/ascadplon.org\/wordpress\/inscription-2021-2022\/","url_meta":{"origin":14317,"position":4},"title":"Inscription 2021-2022","author":"Olivier.CRETON","date":"23 septembre 2021","format":false,"excerpt":"La campagne d\u2019inscription 2021-2022 est lanc\u00e9e depuis le 23 septembre 2021. Nous sommes un club de comit\u00e9 d\u2019entreprise, r\u00e9serv\u00e9 en priorit\u00e9 au salari\u00e9s du CEA, d\u2019ITER Org (badges jaunes) et club conventionn\u00e9s de la r\u00e9gion, mais \u00e9galement aux salari\u00e9s des entreprises travaillant sur le centre de Cadarache. Si vous pensez\u2026","rel":"","context":"Article similaire","block_context":{"text":"Article similaire","link":""},"img":{"alt_text":"","src":"","width":0,"height":0},"classes":[]},{"id":1541,"url":"https:\/\/ascadplon.org\/wordpress\/inscriptions-2015-2016\/","url_meta":{"origin":14317,"position":5},"title":"Inscriptions","author":"gilles.gobillot","date":"18 novembre 2015","format":false,"excerpt":"(English version below) La campagne d'inscription 2015-2016 a\u00a0commenc\u00e9\u00a0pour les nouveaux adh\u00e9rents. \u00a0Cette ann\u00e9e nombre de places pour les d\u00e9butants TRES LIMITE !\u00a0Premiers dossiers COMPLETS rendu, premiers inscrits ! Pour les anciens vous avez jusqu'en novembre, MAIS PAS PLUS TARD ... Si vous avez besoin de plus de temps (pb de\u2026","rel":"","context":"Dans \"2015 ASCEA\"","block_context":{"text":"2015 ASCEA","link":"https:\/\/ascadplon.org\/wordpress\/tag\/2015-ascea\/"},"img":{"alt_text":"","src":"","width":0,"height":0},"classes":[]}],"_links":{"self":[{"href":"https:\/\/ascadplon.org\/wordpress\/wp-json\/wp\/v2\/pages\/14317","targetHints":{"allow":["GET"]}}],"collection":[{"href":"https:\/\/ascadplon.org\/wordpress\/wp-json\/wp\/v2\/pages"}],"about":[{"href":"https:\/\/ascadplon.org\/wordpress\/wp-json\/wp\/v2\/types\/page"}],"author":[{"embeddable":true,"href":"https:\/\/ascadplon.org\/wordpress\/wp-json\/wp\/v2\/users\/531"}],"replies":[{"embeddable":true,"href":"https:\/\/ascadplon.org\/wordpress\/wp-json\/wp\/v2\/comments?post=14317"}],"version-history":[{"count":3,"href":"https:\/\/ascadplon.org\/wordpress\/wp-json\/wp\/v2\/pages\/14317\/revisions"}],"predecessor-version":[{"id":14328,"href":"https:\/\/ascadplon.org\/wordpress\/wp-json\/wp\/v2\/pages\/14317\/revisions\/14328"}],"wp:attachment":[{"href":"https:\/\/ascadplon.org\/wordpress\/wp-json\/wp\/v2\/media?parent=14317"}],"curies":[{"name":"wp","href":"https:\/\/api.w.org\/{rel}","templated":true}]}}