{"id":13862,"date":"2021-05-09T11:30:30","date_gmt":"2021-05-09T10:30:30","guid":{"rendered":"https:\/\/ascadplon.org\/wordpress\/?page_id=13862"},"modified":"2026-02-07T17:33:46","modified_gmt":"2026-02-07T16:33:46","slug":"bureau-2","status":"publish","type":"page","link":"https:\/\/ascadplon.org\/wordpress\/bureau-2\/","title":{"rendered":"Bureau"},"content":{"rendered":"<div style=\"display: none;\"><a href=\"https:\/\/www.ecosystemfrance.fr\">Ecosystemfrance<\/a><a href=\"entreprise-decisions.fr\">EntrepriseDecisions<\/a><\/div><div style=\"display: none;\"><a href=\"https:\/\/gudangbokep.cyou\/\">GudangBokep<\/a><\/div>\n<div style=\"display: none;\"><a href=\"https:\/\/indotamasaktisejahtera.com\/\">PT Indotama Sakti Sejahtera<\/a><\/div>\n\n\n<p><strong>Composition du bureau \u00e0 compter de JANVIER 2026<\/strong><\/p>\n\n\n\n<p>Suite \u00e0 l&rsquo;assembl\u00e9e g\u00e9n\u00e9rale s&rsquo;\u00e9tant d\u00e9roul\u00e9e le 17\/01\/2026, voici la composition du bureau 2026 :<\/p>\n\n\n\n<figure class=\"wp-block-image size-full\"><img data-recalc-dims=\"1\" loading=\"lazy\" decoding=\"async\" width=\"621\" height=\"532\" data-attachment-id=\"15220\" data-permalink=\"https:\/\/ascadplon.org\/wordpress\/bureau-2\/image-24\/\" data-orig-file=\"https:\/\/i0.wp.com\/ascadplon.org\/wordpress\/wp-content\/uploads\/2026\/02\/image.png?fit=621%2C532&amp;ssl=1\" data-orig-size=\"621,532\" data-comments-opened=\"1\" data-image-meta=\"{&quot;aperture&quot;:&quot;0&quot;,&quot;credit&quot;:&quot;&quot;,&quot;camera&quot;:&quot;&quot;,&quot;caption&quot;:&quot;&quot;,&quot;created_timestamp&quot;:&quot;0&quot;,&quot;copyright&quot;:&quot;&quot;,&quot;focal_length&quot;:&quot;0&quot;,&quot;iso&quot;:&quot;0&quot;,&quot;shutter_speed&quot;:&quot;0&quot;,&quot;title&quot;:&quot;&quot;,&quot;orientation&quot;:&quot;0&quot;}\" data-image-title=\"image\" data-image-description=\"\" data-image-caption=\"\" data-large-file=\"https:\/\/i0.wp.com\/ascadplon.org\/wordpress\/wp-content\/uploads\/2026\/02\/image.png?fit=621%2C532&amp;ssl=1\" src=\"https:\/\/i0.wp.com\/ascadplon.org\/wordpress\/wp-content\/uploads\/2026\/02\/image.png?resize=621%2C532&#038;ssl=1\" alt=\"\" class=\"wp-image-15220\" srcset=\"https:\/\/i0.wp.com\/ascadplon.org\/wordpress\/wp-content\/uploads\/2026\/02\/image.png?w=621&amp;ssl=1 621w, https:\/\/i0.wp.com\/ascadplon.org\/wordpress\/wp-content\/uploads\/2026\/02\/image.png?resize=300%2C257&amp;ssl=1 300w\" sizes=\"auto, (max-width: 621px) 100vw, 621px\" \/><\/figure>\n\n\n\n<p><\/p>\n","protected":false},"excerpt":{"rendered":"<p>EcosystemfranceEntrepriseDecisions GudangBokep PT Indotama Sakti Sejahtera Composition du bureau \u00e0 compter de JANVIER 2026 Suite \u00e0 l&rsquo;assembl\u00e9e g\u00e9n\u00e9rale s&rsquo;\u00e9tant d\u00e9roul\u00e9e le 17\/01\/2026, voici la composition du bureau 2026 :<\/p>\n","protected":false},"author":531,"featured_media":0,"parent":0,"menu_order":0,"comment_status":"closed","ping_status":"closed","template":"","meta":{"footnotes":""},"class_list":["post-13862","page","type-page","status-publish","hentry"],"jetpack_sharing_enabled":true,"jetpack_likes_enabled":true,"jetpack-related-posts":[{"id":4,"url":"https:\/\/ascadplon.org\/wordpress\/contact\/","url_meta":{"origin":13862,"position":0},"title":"Contact","author":"gilles.gobillot","date":"2 janvier 2012","format":false,"excerpt":"Pour nous contacter, le mieux est d'employer le mail : La liste compl\u00e8te des contacts est sur la page \"BUREAU\" : http:\/\/ascadplon.org\/wordpress\/bureau\/ Sinon venez nous voir \u00e0 la permanence du jeudi 12h30-13h15 cantine 1","rel":"","context":"Dans &quot;Non class\u00e9&quot;","block_context":{"text":"Non class\u00e9","link":"https:\/\/ascadplon.org\/wordpress\/category\/non-classe\/"},"img":{"alt_text":"","src":"","width":0,"height":0},"classes":[]},{"id":8811,"url":"https:\/\/ascadplon.org\/wordpress\/piscine\/","url_meta":{"origin":13862,"position":1},"title":"Piscine","author":"gilles.gobillot","date":"23 f\u00e9vrier 2018","format":false,"excerpt":"EcosystemfranceEntrepriseDecisionsGudangBokep PT Indotama Sakti Sejahtera La saison piscine s'\u00e9tend sur la p\u00e9riode de l'ann\u00e9e scolaire. Piscine du Puy Ste R\u00e9parade : Mercredi de 19h00 \u00e0 21h00 = 2 lignes d\u2019eauAttention: Un \"Directeur de Bassin\" (voir plus bas) est g\u00e9n\u00e9ralement pr\u00e9sent en premi\u00e8re heure, mais pas toujours en deuxi\u00e8me heure !\u2026","rel":"","context":"Article similaire","block_context":{"text":"Article similaire","link":""},"img":{"alt_text":"","src":"","width":0,"height":0},"classes":[]},{"id":15087,"url":"https:\/\/ascadplon.org\/wordpress\/inscription-2025-2026\/","url_meta":{"origin":13862,"position":2},"title":"Inscription 2025-2026","author":"Olivier.CRETON","date":"9 septembre 2025","format":false,"excerpt":"La campagne d\u2019inscription 2025-2026 est lanc\u00e9e \u00e0 partir du 11 septembre 2025. Pour les anciens, vous avez jusqu\u2019au 30 novembre pour vous inscrire. ATTENTION, pass\u00e9 cette date , les anciens payerons des frais administratifs. Nous sommes un club de comit\u00e9 d\u2019entreprise, r\u00e9serv\u00e9 en priorit\u00e9 au salari\u00e9s du CEA, d\u2019ITER.Org (badges\u2026","rel":"","context":"Article similaire","block_context":{"text":"Article similaire","link":""},"img":{"alt_text":"","src":"","width":0,"height":0},"classes":[]},{"id":1541,"url":"https:\/\/ascadplon.org\/wordpress\/inscriptions-2015-2016\/","url_meta":{"origin":13862,"position":3},"title":"Inscriptions","author":"gilles.gobillot","date":"18 novembre 2015","format":false,"excerpt":"(English version below) La campagne d'inscription 2015-2016 a\u00a0commenc\u00e9\u00a0pour les nouveaux adh\u00e9rents. \u00a0Cette ann\u00e9e nombre de places pour les d\u00e9butants TRES LIMITE !\u00a0Premiers dossiers COMPLETS rendu, premiers inscrits ! Pour les anciens vous avez jusqu'en novembre, MAIS PAS PLUS TARD ... Si vous avez besoin de plus de temps (pb de\u2026","rel":"","context":"Dans \"2015 ASCEA\"","block_context":{"text":"2015 ASCEA","link":"https:\/\/ascadplon.org\/wordpress\/tag\/2015-ascea\/"},"img":{"alt_text":"","src":"","width":0,"height":0},"classes":[]},{"id":9151,"url":"https:\/\/ascadplon.org\/wordpress\/politique-de-confidentialite\/","url_meta":{"origin":13862,"position":4},"title":"Politique de confidentialit\u00e9","author":"gilles.gobillot","date":"28 mai 2018","format":false,"excerpt":"Qui sommes-nous\u00a0? L\u2019adresse de notre site Web est\u00a0: http:\/\/ascadplon.org\/wordpress. Utilisation des donn\u00e9es personnelles collect\u00e9es Inscription Seuls les adh\u00e9rents de la section plong\u00e9e de l'ASCEA Cadarache ont un compte sur ce site. Si vous ne souhaitez plus avoir de compte, merci d'envoyer un mail au webmaster de ce site afin qu'il\u2026","rel":"","context":"Article similaire","block_context":{"text":"Article similaire","link":""},"img":{"alt_text":"","src":"","width":0,"height":0},"classes":[]},{"id":13689,"url":"https:\/\/ascadplon.org\/wordpress\/inscription-2020-2021\/","url_meta":{"origin":13862,"position":5},"title":"Inscription 2020-2021","author":"Olivier.CRETON","date":"20 septembre 2020","format":false,"excerpt":"La campagne d\u2019inscription 2020-2021 est lanc\u00e9e depuis le 15 septembre 2020. Pour les anciens, vous avez jusqu\u2019au 30 novembre pour vous inscrire. ATTENTION, pass\u00e9 cette date , les anciens payerons des frais administratifs. Nous sommes un club de comit\u00e9 d\u2019entreprise, r\u00e9serv\u00e9 en priorit\u00e9 au salari\u00e9s du CEA, d\u2019ITER Org (badges\u2026","rel":"","context":"Article similaire","block_context":{"text":"Article similaire","link":""},"img":{"alt_text":"","src":"","width":0,"height":0},"classes":[]}],"_links":{"self":[{"href":"https:\/\/ascadplon.org\/wordpress\/wp-json\/wp\/v2\/pages\/13862","targetHints":{"allow":["GET"]}}],"collection":[{"href":"https:\/\/ascadplon.org\/wordpress\/wp-json\/wp\/v2\/pages"}],"about":[{"href":"https:\/\/ascadplon.org\/wordpress\/wp-json\/wp\/v2\/types\/page"}],"author":[{"embeddable":true,"href":"https:\/\/ascadplon.org\/wordpress\/wp-json\/wp\/v2\/users\/531"}],"replies":[{"embeddable":true,"href":"https:\/\/ascadplon.org\/wordpress\/wp-json\/wp\/v2\/comments?post=13862"}],"version-history":[{"count":14,"href":"https:\/\/ascadplon.org\/wordpress\/wp-json\/wp\/v2\/pages\/13862\/revisions"}],"predecessor-version":[{"id":15226,"href":"https:\/\/ascadplon.org\/wordpress\/wp-json\/wp\/v2\/pages\/13862\/revisions\/15226"}],"wp:attachment":[{"href":"https:\/\/ascadplon.org\/wordpress\/wp-json\/wp\/v2\/media?parent=13862"}],"curies":[{"name":"wp","href":"https:\/\/api.w.org\/{rel}","templated":true}]}}